{"id":124,"date":"2024-12-10T10:46:03","date_gmt":"2024-12-10T10:46:03","guid":{"rendered":"https:\/\/bc30probiotic.com\/?page_id=124"},"modified":"2025-01-17T09:22:46","modified_gmt":"2025-01-17T09:22:46","slug":"research","status":"publish","type":"page","link":"https:\/\/bc30probiotic.com\/vn\/research\/","title":{"rendered":"Nghi\u00ean c\u1ee9u"},"content":{"rendered":"<div class=\"wpb-content-wrapper\"><div data-vc-full-width=\"true\" data-vc-full-width-temp=\"true\" data-vc-full-width-init=\"false\" data-vc-stretch-content=\"true\" class=\"vc_row wpb_row vc_row-fluid vc_row-no-padding\"><div class=\"wpb_column vc_column_container vc_col-sm-12\"><div class=\"vc_column-inner\"><div class=\"wpb_wrapper\"><div class=\"navigation-block\"><div class=\"container\"><h2>Khoa h\u1ecdc v\u00e0 nghi\u00ean c\u1ee9u<\/h2><div class=\"navigation-links\"><a href=\"\/vn\/research\/\" class=\"sub-active\">T\u1ed5ng quan<\/a><span class=\"seperator\"><\/span><a href=\"\/vn\/research\/digestive-health\/\" class=\"\">S\u1ee9c kh\u1ecfe ti\u00eau h\u00f3a<\/a><span class=\"seperator\"><\/span><a href=\"\/vn\/research\/protein-absorption\/\" class=\"\">Kh\u1ea3 n\u0103ng h\u1ea5p th\u1ee5 protein<\/a><span class=\"seperator\"><\/span><a href=\"\/vn\/research\/others\/\" class=\"\">Ngu\u1ed3n tham kh\u1ea3o<\/a><span class=\"seperator\"><\/span><\/div><\/div><\/div><\/div><\/div><\/div><\/div><div class=\"vc_row-full-width vc_clearfix\"><\/div><div class=\"vc_row wpb_row vc_row-fluid\"><div class=\"wpb_column vc_column_container vc_col-sm-12\"><div class=\"vc_column-inner\"><div class=\"wpb_wrapper\"><div class=\"vc_empty_space\"   style=\"height: 32px\"><span class=\"vc_empty_space_inner\"><\/span><\/div>\n\t<div class=\"wpb_text_column wpb_content_element\" >\n\t\t<div class=\"wpb_wrapper\">\n\t\t\t<div class=\"container\">\n<div class=\"block clearfix content\">\n<div class=\"col-md-8 offset-md-2\">\n<h2>Nghi\u00ean c\u1ee9u \u0111\u1eb1ng sau BC30<sup><small>TM<\/small><\/sup><\/h2>\n<p>Theo nhi\u1ec1u chuy\u00ean gia, l\u1ed1i s\u1ed1ng l\u00e0nh m\u1ea1nh k\u1ebft h\u1ee3p v\u1edbi vi\u1ec7c b\u1ed5 sung l\u1ee3i khu\u1ea9n c\u00f3 th\u1ec3 h\u1ed7 tr\u1ee3 duy tr\u00ec s\u1ef1 c\u00e2n b\u1eb1ng c\u1ee7a h\u1ec7 vi sinh v\u1eadt \u0111\u01b0\u1eddng ru\u1ed9t. H\u1ec7 sinh th\u00e1i vi khu\u1ea9n trong \u0111\u01b0\u1eddng ru\u1ed9t, v\u1edbi h\u00e0ng ngh\u00ecn t\u1ef7 vi sinh v\u1eadt \u0111a d\u1ea1ng, \u0111\u00f3ng vai tr\u00f2 quan tr\u1ecdng trong vi\u1ec7c duy tr\u00ec s\u1ee9c kh\u1ecfe c\u1ee7a c\u01a1 th\u1ec3. Trong nh\u1eefng n\u0103m g\u1ea7n \u0111\u00e2y, c\u00e1c nh\u00e0 khoa h\u1ecdc \u0111\u00e3 ng\u00e0y c\u00e0ng nh\u1eadn th\u1ee9c r\u00f5 h\u01a1n v\u1ec1 vai tr\u00f2 quan tr\u1ecdng c\u1ee7a h\u1ec7 vi sinh \u0111\u01b0\u1eddng ru\u1ed9t \u0111\u1ed1i v\u1edbi s\u1ee9c kh\u1ecfe con ng\u01b0\u1eddi, bao g\u1ed3m qu\u00e1 tr\u00ecnh ti\u00eau h\u00f3a v\u00e0 h\u1ea5p thu ch\u1ea5t dinh d\u01b0\u1ee1ng t\u1eeb th\u1ee9c \u0103n<\/p>\n<\/div>\n<\/div>\n<\/div>\n\n\t\t<\/div>\n\t<\/div>\n<\/div><\/div><\/div><\/div><div class=\"vc_row wpb_row vc_row-fluid\"><div class=\"wpb_column vc_column_container vc_col-sm-12\"><div class=\"vc_column-inner\"><div class=\"wpb_wrapper\"><div class=\"imgtext_section\">\n    <div class=\"container\">\n        <div class=\"imgtext_section_inner\">\n            <div class=\"image_di\">\n                <img decoding=\"async\" src=\"\/wp-content\/uploads\/2024\/12\/Untitled-8-16.png\" alt=\"\">\n            <\/div>\n            <div class=\"content\">\n               <\/p>\n<h2><span class=\"font-lg\">BC30\u2122: L\u1ee3i Khu\u1ea9n An To\u00e0n, \u1ed4n \u0110\u1ecbnh, \u0111\u01b0\u1ee3c h\u1ed7 tr\u1ee3 b\u1edfi Nghi\u00ean C\u1ee9u Khoa H\u1ecdc Chuy\u00ean s\u00e2u<\/span><\/h2>\n<p>BC30\u2122\u00a0(<em>Bacillus coagulans<\/em> GBI-30, 6086) l\u00e0 l\u1ee3i khu\u1ea9n d\u1ea1ng b\u00e0o t\u1eed an to\u00e0n, mang l\u1ea1i l\u1ee3i \u00edch \u0111\u01b0\u1ee3c ch\u1ee9ng minh b\u1edfi c\u00e1c nghi\u00ean c\u1ee9u khoa h\u1ecdc. T\u00ednh an to\u00e0n, \u1ed5n \u0111\u1ecbnh v\u00e0 kh\u1ea3 n\u0103ng h\u1ed7 tr\u1ee3 s\u1ee9c kh\u1ecfe ti\u00eau h\u00f3a c\u00f9ng v\u1edbi h\u1ea5p thu protein c\u1ee7a BC30\u2122 tr\u00ean nhi\u1ec1u d\u1ea1ng th\u1ef1c ph\u1ea9m v\u00e0 \u0111\u1ed3 u\u1ed1ng \u0111\u01b0\u1ee3c ch\u1ee9ng minh b\u1edfi h\u01a1n 45 b\u00e0i b\u00e1o nghi\u00ean c\u1ee9u \u0111\u00e3 \u0111\u01b0\u1ee3c c\u00f4ng b\u1ed1.\n            <\/div>\n        <\/div>\n    <\/div>\n<\/div><div class=\"vc_empty_space\"   style=\"height: 32px\"><span class=\"vc_empty_space_inner\"><\/span><\/div><\/div><\/div><\/div><\/div><div class=\"vc_row wpb_row vc_row-fluid\"><div class=\"wpb_column vc_column_container vc_col-sm-12\"><div class=\"vc_column-inner\"><div class=\"wpb_wrapper\"><div class=\"imgtext_section right\">\n    <div class=\"container\">\n        <div class=\"imgtext_section_inner\">\n            <div class=\"image_di\">\n                <img decoding=\"async\" src=\"\/wp-content\/uploads\/2024\/12\/scientists.jpg\" alt=\"\">\n            <\/div>\n            <div class=\"content\">\n               <\/p>\n<h2><span class=\"font-lg\">Nghi\u00ean c\u1ee9u v\u1ec1 l\u1ee3i \u00edch s\u1ee9c kh\u1ecfe to\u00e0n di\u1ec7n c\u1ee7a BC30\u2122<\/span><\/h2>\n<p>Nghi\u00ean c\u1ee9u v\u1ec1 l\u1ee3i \u00edch s\u1ee9c kh\u1ecfe to\u00e0n di\u1ec7n c\u1ee7a BC30\u2122<br \/>\n<a href=\"\/vn\/research\/digestive-health\/\"><button>S\u1ee9c kh\u1ecfe ti\u00eau h\u00f3a<\/button><\/a><a href=\"\/vn\/research\/protein-absorption\/\"><button>Kh\u1ea3 n\u0103ng h\u1ea5p th\u1ee5 protein<\/button><\/a><a href=\"\/vn\/research\/others\/\"><button>Ngu\u1ed3n tham kh\u1ea3o<\/button><\/a>\n            <\/div>\n        <\/div>\n    <\/div>\n<\/div><\/div><\/div><\/div><\/div><div class=\"vc_row wpb_row vc_row-fluid\"><div class=\"wpb_column vc_column_container vc_col-sm-12\"><div class=\"vc_column-inner\"><div class=\"wpb_wrapper\"><div class=\"vc_empty_space\"   style=\"height: 62px\"><span class=\"vc_empty_space_inner\"><\/span><\/div><\/div><\/div><\/div><\/div>\n<\/div>","protected":false},"excerpt":{"rendered":"Science and ResearchOverviewDigestive HealthProtein AbsorptionOthers Research Behind BC30TM Many experts\u00a0agree that a healthy lifestyle and probiotics may help keep gut microbiota balanced. The gut microbiota is the population of trillions of bacteria and other microorganisms in your intestines that are key to your well-being. Over the past few decades, researchers are learning that the gut<a class=\"excerpt-read-more\" href=\"https:\/\/bc30probiotic.com\/vn\/research\/\" title=\"ReadResearch\">... Read more &raquo;<\/a>","protected":false},"author":1,"featured_media":0,"parent":0,"menu_order":0,"comment_status":"closed","ping_status":"closed","template":"","meta":{"footnotes":""},"class_list":["post-124","page","type-page","status-publish","hentry"],"yoast_head":"<!-- This site is optimized with the Yoast SEO plugin v27.0 - https:\/\/yoast.com\/product\/yoast-seo-wordpress\/ -->\n<title>Research | BC30 Probiotic<\/title>\n<meta name=\"robots\" content=\"index, follow, max-snippet:-1, max-image-preview:large, max-video-preview:-1\" \/>\n<link rel=\"canonical\" href=\"https:\/\/bc30probiotic.com\/vn\/research\/\" \/>\n<meta property=\"og:locale\" content=\"vi_VN\" \/>\n<meta property=\"og:type\" content=\"article\" \/>\n<meta property=\"og:title\" content=\"Research | BC30 Probiotic\" \/>\n<meta property=\"og:url\" content=\"https:\/\/bc30probiotic.com\/vn\/research\/\" \/>\n<meta property=\"og:site_name\" content=\"BC30 Probiotic\" \/>\n<meta property=\"article:modified_time\" content=\"2025-01-17T09:22:46+00:00\" \/>\n<meta name=\"twitter:card\" content=\"summary_large_image\" \/>\n<meta name=\"twitter:label1\" content=\"\u01af\u1edbc t\u00ednh th\u1eddi gian \u0111\u1ecdc\" \/>\n\t<meta name=\"twitter:data1\" content=\"2 ph\u00fat\" \/>\n<script type=\"application\/ld+json\" class=\"yoast-schema-graph\">{\"@context\":\"https:\/\/schema.org\",\"@graph\":[{\"@type\":\"WebPage\",\"@id\":\"https:\/\/bc30probiotic.com\/research\/\",\"url\":\"https:\/\/bc30probiotic.com\/research\/\",\"name\":\"Research | BC30 Probiotic\",\"isPartOf\":{\"@id\":\"https:\/\/bc30probiotic.com\/#website\"},\"datePublished\":\"2024-12-10T10:46:03+00:00\",\"dateModified\":\"2025-01-17T09:22:46+00:00\",\"breadcrumb\":{\"@id\":\"https:\/\/bc30probiotic.com\/research\/#breadcrumb\"},\"inLanguage\":\"vi\",\"potentialAction\":[{\"@type\":\"ReadAction\",\"target\":[\"https:\/\/bc30probiotic.com\/research\/\"]}]},{\"@type\":\"BreadcrumbList\",\"@id\":\"https:\/\/bc30probiotic.com\/research\/#breadcrumb\",\"itemListElement\":[{\"@type\":\"ListItem\",\"position\":1,\"name\":\"Home\",\"item\":\"https:\/\/bc30probiotic.com\/\"},{\"@type\":\"ListItem\",\"position\":2,\"name\":\"Research\"}]},{\"@type\":\"WebSite\",\"@id\":\"https:\/\/bc30probiotic.com\/#website\",\"url\":\"https:\/\/bc30probiotic.com\/\",\"name\":\"BC30 Probiotic\",\"description\":\"\",\"potentialAction\":[{\"@type\":\"SearchAction\",\"target\":{\"@type\":\"EntryPoint\",\"urlTemplate\":\"https:\/\/bc30probiotic.com\/?s={search_term_string}\"},\"query-input\":{\"@type\":\"PropertyValueSpecification\",\"valueRequired\":true,\"valueName\":\"search_term_string\"}}],\"inLanguage\":\"vi\"}]}<\/script>\n<!-- \/ Yoast SEO plugin. -->","yoast_head_json":{"title":"Research | BC30 Probiotic","robots":{"index":"index","follow":"follow","max-snippet":"max-snippet:-1","max-image-preview":"max-image-preview:large","max-video-preview":"max-video-preview:-1"},"canonical":"https:\/\/bc30probiotic.com\/vn\/research\/","og_locale":"vi_VN","og_type":"article","og_title":"Research | BC30 Probiotic","og_url":"https:\/\/bc30probiotic.com\/vn\/research\/","og_site_name":"BC30 Probiotic","article_modified_time":"2025-01-17T09:22:46+00:00","twitter_card":"summary_large_image","twitter_misc":{"\u01af\u1edbc t\u00ednh th\u1eddi gian \u0111\u1ecdc":"2 ph\u00fat"},"schema":{"@context":"https:\/\/schema.org","@graph":[{"@type":"WebPage","@id":"https:\/\/bc30probiotic.com\/research\/","url":"https:\/\/bc30probiotic.com\/research\/","name":"Research | BC30 Probiotic","isPartOf":{"@id":"https:\/\/bc30probiotic.com\/#website"},"datePublished":"2024-12-10T10:46:03+00:00","dateModified":"2025-01-17T09:22:46+00:00","breadcrumb":{"@id":"https:\/\/bc30probiotic.com\/research\/#breadcrumb"},"inLanguage":"vi","potentialAction":[{"@type":"ReadAction","target":["https:\/\/bc30probiotic.com\/research\/"]}]},{"@type":"BreadcrumbList","@id":"https:\/\/bc30probiotic.com\/research\/#breadcrumb","itemListElement":[{"@type":"ListItem","position":1,"name":"Home","item":"https:\/\/bc30probiotic.com\/"},{"@type":"ListItem","position":2,"name":"Research"}]},{"@type":"WebSite","@id":"https:\/\/bc30probiotic.com\/#website","url":"https:\/\/bc30probiotic.com\/","name":"BC30 Probiotic","description":"","potentialAction":[{"@type":"SearchAction","target":{"@type":"EntryPoint","urlTemplate":"https:\/\/bc30probiotic.com\/?s={search_term_string}"},"query-input":{"@type":"PropertyValueSpecification","valueRequired":true,"valueName":"search_term_string"}}],"inLanguage":"vi"}]}},"_links":{"self":[{"href":"https:\/\/bc30probiotic.com\/vn\/wp-json\/wp\/v2\/pages\/124","targetHints":{"allow":["GET"]}}],"collection":[{"href":"https:\/\/bc30probiotic.com\/vn\/wp-json\/wp\/v2\/pages"}],"about":[{"href":"https:\/\/bc30probiotic.com\/vn\/wp-json\/wp\/v2\/types\/page"}],"author":[{"embeddable":true,"href":"https:\/\/bc30probiotic.com\/vn\/wp-json\/wp\/v2\/users\/1"}],"replies":[{"embeddable":true,"href":"https:\/\/bc30probiotic.com\/vn\/wp-json\/wp\/v2\/comments?post=124"}],"version-history":[{"count":11,"href":"https:\/\/bc30probiotic.com\/vn\/wp-json\/wp\/v2\/pages\/124\/revisions"}],"predecessor-version":[{"id":370,"href":"https:\/\/bc30probiotic.com\/vn\/wp-json\/wp\/v2\/pages\/124\/revisions\/370"}],"wp:attachment":[{"href":"https:\/\/bc30probiotic.com\/vn\/wp-json\/wp\/v2\/media?parent=124"}],"curies":[{"name":"wp","href":"https:\/\/api.w.org\/{rel}","templated":true}]}}