{"id":153,"date":"2024-12-10T13:41:57","date_gmt":"2024-12-10T13:41:57","guid":{"rendered":"https:\/\/bc30probiotic.com\/?page_id=153"},"modified":"2026-03-09T17:46:36","modified_gmt":"2026-03-09T17:46:36","slug":"faq","status":"publish","type":"page","link":"https:\/\/bc30probiotic.com\/vn\/faq\/","title":{"rendered":"FAQs"},"content":{"rendered":"<div class=\"wpb-content-wrapper\"><div data-vc-full-width=\"true\" data-vc-full-width-temp=\"true\" data-vc-full-width-init=\"false\" data-vc-stretch-content=\"true\" class=\"vc_row wpb_row vc_row-fluid vc_row-no-padding\"><div class=\"wpb_column vc_column_container vc_col-sm-12\"><div class=\"vc_column-inner\"><div class=\"wpb_wrapper\"><div class=\"banner_text\">\n                <div class=\"container\">\n                   <\/p>\n<h1>C\u00e2u h\u1ecfi th\u01b0\u1eddng g\u1eb7p<\/h1>\n<p>\n                <\/div>\n            <\/div><\/div><\/div><\/div><\/div><div class=\"vc_row-full-width vc_clearfix\"><\/div><div class=\"vc_row wpb_row vc_row-fluid\"><div class=\"wpb_column vc_column_container vc_col-sm-12\"><div class=\"vc_column-inner\"><div class=\"wpb_wrapper\"><div class=\"vc_empty_space\"   style=\"height: 62px\"><span class=\"vc_empty_space_inner\"><\/span><\/div><div class=\"faq-accordion\"><div class=\"faq-item\"><div class=\"faq-question\">L\u1ee3i khu\u1ea9n l\u00e0 g\u00ec?<\/div><div class=\"faq-answer\"><p>Theo T\u1ed5 ch\u1ee9c Y t\u1ebf Th\u1ebf gi\u1edbi, l\u1ee3i khu\u1ea9n l\u00e0 m\u1ed9t\n\u201cvi sinh v\u1eadt s\u1ed1ng m\u00e0 khi \u0111\u01b0\u1ee3c ti\u00eau th\u1ee5 \u0111\u1ee7 li\u1ec1u l\u01b0\u1ee3ng\ns\u1ebd mang l\u1ea1i l\u1ee3i \u00edch s\u1ee9c kh\u1ecfe cho v\u1eadt ch\u1ee7\u201d.<\/p>\n<\/div><\/div><div class=\"faq-item\"><div class=\"faq-question\">L\u1ee3i khu\u1ea9n c\u00f3 c\u1ea7n ph\u1ea3i \u0111\u01b0\u1ee3c b\u1ea3o qu\u1ea3n l\u1ea1nh kh\u00f4ng?<\/div><div class=\"faq-answer\"><p>C\u00e1c vi khu\u1ea9n lactic (\u1edf d\u1ea1ng sinh d\u01b0\u1ee1ng) c\u00f3 th\u1ec3 t\u00ecm th\u1ea5y trong s\u1eefa chua (v\u00ed d\u1ee5: Lactobacillus v\u00e0 Bifidobacterium) c\u1ea7n \u0111\u01b0\u1ee3c b\u1ea3o qu\u1ea3n l\u1ea1nh \u0111\u1ec3 duy tr\u00ec kh\u1ea3 n\u0103ng s\u1ed1ng s\u00f3t.<\/p>\n<p>BC30\u2122 l\u00e0 m\u1ed9t vi sinh v\u1eadt d\u1ea1ng b\u00e0o t\u1eed. \u0110i\u1ec1u n\u00e0y c\u00f3 ngh\u0129a l\u00e0 sinh v\u1eadt n\u00e0y t\u1ef1 nhi\u00ean c\u00f3 kh\u1ea3 n\u0103ng h\u00ecnh th\u00e0nh b\u00e0o t\u1eed ngh\u1ec9, m\u1ed9t c\u1ea5u tr\u00fac b\u1ea3o v\u1ec7 v\u1eadt li\u1ec7u di truy\u1ec1n c\u1ed1t l\u00f5i c\u1ee7a t\u1ebf b\u00e0o trong th\u1eddi gian d\u00e0i. B\u00e0o t\u1eed trong tr\u1ea1ng th\u00e1i ng\u1ee7 \u0111\u00f4ng n\u00e0y s\u1ebd kh\u00f4ng ho\u1ea1t \u0111\u1ed9ng v\u00e0 ph\u00e1t tri\u1ec3n cho \u0111\u1ebfn khi g\u1eb7p \u0111i\u1ec1u ki\u1ec7n m\u00f4i tr\u01b0\u1eddng ph\u00f9 h\u1ee3p, bao g\u1ed3m nhi\u1ec7t \u0111\u1ed9 30 \u0111\u1ed9 C, \u0111\u1ed9 \u1ea9m th\u00edch h\u1ee3p v\u00e0 ngu\u1ed3n dinh d\u01b0\u1ee1ng s\u1eb5n c\u00f3. Trong \u0111i\u1ec1u ki\u1ec7n kh\u00f4 r\u00e1o ho\u1eb7c b\u1ea3o qu\u1ea3n d\u01b0\u1edbi 30 \u0111\u1ed9 C, BC30\u2122 s\u1ebd gi\u1eef \u0111\u01b0\u1ee3c s\u1ef1 \u1ed5n \u0111\u1ecbnh.<\/p>\n<p>Kh\u00f4ng gi\u1ed1ng nh\u01b0 BC30\u2122, c\u00e1c ch\u1ee7ng Lactobacillus v\u00e0 Bifidobacterium kh\u00f4ng c\u00f3 kh\u1ea3 n\u0103ng h\u00ecnh th\u00e0nh nh\u1eefng b\u00e0o t\u1eed b\u1ea3o v\u1ec7 n\u00e0y, do \u0111\u00f3 vi\u1ec7c b\u1ed5 sung v\u00e0o c\u00e1c s\u1ea3n ph\u1ea9m kh\u00f4ng \u0111\u01b0\u1ee3c b\u1ea3o qu\u1ea3n trong m\u00f4i tr\u01b0\u1eddng l\u1ea1nh tr\u1edf n\u00ean g\u1ea7n nh\u01b0 b\u1ea5t kh\u1ea3 thi.<\/p>\n<\/div><\/div><div class=\"faq-item\"><div class=\"faq-question\">L\u00e0m th\u1ebf n\u00e0o l\u1ee3i khu\u1ea9n BC30\u2122 duy tr\u00ec kh\u1ea3 n\u0103ng s\u1ed1ng s\u00f3t trong su\u1ed1t qu\u00e1 tr\u00ecnh s\u1ea3n xu\u1ea5t, v\u01b0\u1ee3t qua m\u00f4i tr\u01b0\u1eddng axit c\u1ee7a d\u1ea1 d\u00e0y v\u00e0 \u0111\u1ea3m b\u1ea3o hi\u1ec7u qu\u1ea3 trong su\u1ed1t th\u1eddi h\u1ea1n s\u1eed d\u1ee5ng?<\/div><div class=\"faq-answer\"><p>Do \u0111\u1eb7c t\u00ednh h\u00ecnh th\u00e0nh b\u00e0o t\u1eed, l\u1ee3i khu\u1ea9n BC30\u2122 duy tr\u00ec tr\u1ea1ng th\u00e1i ng\u1ee7 \u0111\u00f4ng trong h\u1ea7u h\u1ebft c\u00e1c qu\u00e1 tr\u00ecnh s\u1ea3n xu\u1ea5t, m\u00f4i tr\u01b0\u1eddng axit d\u1ea1 d\u00e0y (\u0111\u1ed9 pH th\u1ea5p) v\u00e0 ti\u1ebfp x\u00fac v\u1edbi mu\u1ed1i m\u1eadt, \u0111\u1ed3ng th\u1eddi \u0111\u1ea3m b\u1ea3o th\u1eddi h\u1ea1n s\u1eed d\u1ee5ng l\u00ean \u0111\u1ebfn 3 n\u0103m. Trong m\u00f4i tr\u01b0\u1eddng h\u1ec7 ti\u00eau h\u00f3a v\u1edbi \u0111\u1ed9 \u1ea9m, ngu\u1ed3n dinh d\u01b0\u1ee1ng v\u00e0 nhi\u1ec7t \u0111\u1ed9 th\u00edch h\u1ee3p,l\u1ee3i khu\u1ea9n BC30\u2122 tho\u00e1t kh\u1ecfi tr\u1ea1ng th\u00e1i ng\u1ee7 ngh\u1ec9 v\u00e0 b\u1eaft \u0111\u1ea7u ho\u1ea1t \u0111\u1ed9ng, mang l\u1ea1i l\u1ee3i \u00edch cho s\u1ee9c kh\u1ecfe ng\u01b0\u1eddi ti\u00eau d\u00f9ng.<\/p>\n<\/div><\/div><div class=\"faq-item\"><div class=\"faq-question\">T\u1ea1i sao ch\u1ec9 l\u00e0 1 t\u1ef7 CFU l\u1ee3i khu\u1ea9n? Trong khi \u0111\u00f3 vi\u00ean u\u1ed1ng l\u1ee3i khu\u1ea9n c\u1ee7a t\u00f4i ch\u1ee9a \u0111\u1ebfn 50 t\u1ef7?<\/div><div class=\"faq-answer\"><p>L\u1ee3i \u00edch c\u1ee7a l\u1ee3i khu\u1ea9n ph\u1ee5 thu\u1ed9c 100% v\u00e0o ch\u1ee7ng. M\u1ed9t s\u1ed1 ch\u1ee7ng l\u1ee3i khu\u1ea9n c\u00f3 th\u1ec3 y\u00eau c\u1ea7u l\u01b0\u1ee3ng ti\u00eau th\u1ee5 t\u1eeb 10 t\u1ef7, 50 t\u1ef7 ho\u1eb7c th\u1eadm ch\u00ed nhi\u1ec1u h\u01a1n \u0111\u1ec3 mang l\u1ea1i l\u1ee3i \u00edch s\u1ee9c kh\u1ecfe c\u1ee5 th\u1ec3. Trong khi \u0111\u00f3, c\u00e1c nghi\u00ean c\u1ee9u \u0111\u00e3 \u0111\u01b0\u1ee3c c\u00f4ng b\u1ed1 tr\u00ean c\u00e1c t\u1ea1p ch\u00ed khoa h\u1ecdc uy t\u00edn \u0111\u00e3 ch\u1ee9ng minh r\u1eb1ng BC30\u2122 h\u1ed7 tr\u1ee3 s\u1ee9c kh\u1ecfe ti\u00eau h\u00f3a v\u00e0 kh\u1ea3 n\u0103ng h\u1ea5p thu protein hi\u1ec7u qu\u1ea3 ch\u1ec9 v\u1edbi 1 t\u1ef7 CFU. \u0110i\u1ec1u n\u00e0y cho th\u1ea5y r\u1eb1ng \"nhi\u1ec1u h\u01a1n kh\u00f4ng ph\u1ea3i l\u00fac n\u00e0o c\u0169ng t\u1ed1t h\u01a1n\"!<\/p>\n<\/div><\/div><div class=\"faq-item\"><div class=\"faq-question\">BC30\u2122 an to\u00e0n khi s\u1eed d\u1ee5ng?<\/div><div class=\"faq-answer\"><p>\u0110\u00fang v\u1eady, hi\u1ec7u qu\u1ea3 v\u00e0 \u0111\u1ed9 an to\u00e0n c\u1ee7a BC30\u2122 \u0111\u01b0\u1ee3c h\u1ed7 tr\u1ee3 b\u1edfi c\u00e1c nghi\u00ean c\u1ee9u khoa h\u1ecdc \u0111\u00e1ng tin c\u1eady. H\u01a1n n\u1eefa, BC30\u2122 \u0111\u00e3 \u0111\u1ea1t \u0111\u01b0\u1ee3c ch\u1ee9ng nh\u1eadn An to\u00e0n tuy\u1ec7t \u0111\u1ed1i (GRAS) t\u1eeb FDA Hoa K\u1ef3, x\u00e1c nh\u1eadn s\u1ef1 an to\u00e0n c\u1ee7a s\u1ea3n ph\u1ea9m cho m\u1ecdi l\u1ee9a tu\u1ed5i, t\u1eeb tr\u1ebb s\u01a1 sinh \u0111\u1ebfn ng\u01b0\u1eddi l\u1edbn.<\/p>\n<\/div><\/div><div class=\"faq-item\"><div class=\"faq-question\">M\u00f4i tr\u01b0\u1eddng axit trong d\u1ea1 d\u00e0y c\u00f3 ti\u00eau di\u1ec7t \u0111\u01b0\u1ee3c c\u00e1c l\u1ee3i khu\u1ea9n (probiotic) kh\u00f4ng?<\/div><div class=\"faq-answer\"><p>K\u1ebft qu\u1ea3 nghi\u00ean c\u1ee9u m\u00f4 ph\u1ecfng \u0111i\u1ec1u ki\u1ec7n d\u1ea1 d\u00e0y cho th\u1ea5y t\u1ef7 l\u1ec7 s\u1ed1ng s\u00f3t c\u1ee7a b\u00e0o t\u1eed BC30\u2122 v\u01b0\u1ee3t h\u01a1n 70% v\u00e0 ch\u00fang c\u00f3 kh\u1ea3 n\u0103ng ph\u00e1t tri\u1ec3n m\u1ea1nh m\u1ebd trong h\u1ec7 vi sinh \u0111\u01b0\u1eddng ru\u1ed9t. \u0110\u1ec3 so s\u00e1nh, h\u01a1n 99% vi khu\u1ea9n axit lactic  c\u00f3 trong m\u1ed9t s\u1ea3n ph\u1ea9m \u201cs\u1eefa chua b\u1ed5 sung l\u1ee3i khu\u1ea9n\u201d th\u01b0\u01a1ng m\u1ea1i ph\u1ed5 bi\u1ebfn \u0111\u00e3 b\u1ecb ti\u00eau di\u1ec7t trong qu\u00e1 tr\u00ecnh th\u1eed nghi\u1ec7m n\u00e0y.<\/p>\n<\/div><\/div><div class=\"faq-item\"><div class=\"faq-question\">L\u00e0m sao \u0111\u1ec3 ch\u1ee9ng minh \u0111\u01b0\u1ee3c \u0111i\u1ec1u n\u00e0y?<\/div><div class=\"faq-answer\"><p>C\u00f3 h\u01a1n 25 b\u00e0i nghi\u00ean c\u1ee9u \u0111\u00e3 c\u00f4ng b\u1ed1, trong \u0111\u00f3 ch\u1ee9ng minh t\u00ednh an to\u00e0n v\u00e0 hi\u1ec7u qu\u1ea3 c\u1ee7a BC30\u2122. BC30\u2122 \u0111\u01b0\u1ee3c C\u1ee5c Qu\u1ea3n l\u00fd Th\u1ef1c ph\u1ea9m v\u00e0 D\u01b0\u1ee3c ph\u1ea9m Hoa K\u1ef3 (FDA) c\u00f4ng nh\u1eadn l\u00e0 An to\u00e0n tuy\u1ec7t \u0111\u1ed1i (GRAS), n\u1eb1m trong danh s\u00e1ch \u0110\u1ee7 \u0111i\u1ec1u ki\u1ec7n v\u1ec1 an to\u00e0n (QPS) c\u1ee7a C\u01a1 quan An to\u00e0n Th\u1ef1c ph\u1ea9m ch\u00e2u \u00c2u (EFSA), kh\u00f4ng ph\u1ea3i l\u00e0 th\u1ef1c ph\u1ea9m m\u1edbi t\u1ea1i EU v\u00e0 ph\u00f9 h\u1ee3p \u0111\u1ec3 s\u1eed d\u1ee5ng trong th\u1ef1c ph\u1ea9m v\u00e0 \u0111\u1ed3 u\u1ed1ng t\u1ea1i Canada, \u00dac v\u00e0 nhi\u1ec1u th\u1ecb tr\u01b0\u1eddng kh\u00e1c. \u0110\u00e1ng ch\u00fa \u00fd, BC30\u2122 l\u00e0 l\u1ee3i khu\u1ea9n \u0111\u1ea7u ti\u00ean \u0111\u1ea1t \u0111\u01b0\u1ee3c monograph t\u1eeb USP (D\u01b0\u1ee3c \u0111i\u1ec3n Hoa K\u1ef3), m\u1ed9t ti\u00eau chu\u1ea9n ch\u1ea5t l\u01b0\u1ee3ng h\u00e0ng \u0111\u1ea7u trong ng\u00e0nh d\u01b0\u1ee3c ph\u1ea9m.<\/p>\n<\/div><\/div><div class=\"faq-item\"><div class=\"faq-question\">L\u1ee3i khu\u1ea9n n\u00e0y c\u00f3 t\u01b0\u01a1ng \u0111\u1ed3ng v\u1edbi c\u00e1c ch\u1ee7ng l\u1ee3i khu\u1ea9n th\u01b0\u1eddng th\u1ea5y trong s\u1eefa chua kh\u00f4ng?<\/div><div class=\"faq-answer\"><p>S\u1eefa chua c\u00f3 th\u1ec3 ch\u1ee9a nhi\u1ec1u lo\u1ea1i l\u1ee3i khu\u1ea9n kh\u00e1c nhau, v\u00ec v\u1eady c\u00e2u tr\u1ea3 l\u1eddi ph\u1ee5 thu\u1ed9c v\u00e0o ch\u1ee7ng l\u1ee3i khu\u1ea9n c\u1ee5 th\u1ec3 \u0111\u01b0\u1ee3c s\u1eed d\u1ee5ng trong s\u1ea3n ph\u1ea9m s\u1eefa chua \u0111\u00f3. L\u1ee3i \u00edch s\u1ee9c kh\u1ecfe m\u00e0 l\u1ee3i khu\u1ea9n mang l\u1ea1i t\u00f9y thu\u1ed9c v\u00e0o t\u1eebng ch\u1ee7ng v\u00e0 h\u00e0m l\u01b0\u1ee3ng s\u1eed d\u1ee5ng. H\u01a1n n\u1eefa, m\u1ed7i ch\u1ee7ng l\u1ee3i khu\u1ea9n c\u00f3 th\u1ec3 mang l\u1ea1i nh\u1eefng l\u1ee3i \u00edch s\u1ee9c kh\u1ecfe ri\u00eang bi\u1ec7t. Trong khi BC30\u2122 c\u00f3 th\u1ec3 \u0111\u01b0\u1ee3c \u1ee9ng d\u1ee5ng trong s\u1ea3n xu\u1ea5t s\u1eefa chua, kh\u1ea3 n\u0103ng h\u00ecnh th\u00e0nh b\u00e0o t\u1eed v\u00e0 \u0111\u1ed9 \u1ed5n \u0111\u1ecbnh cao cho ph\u00e9p t\u00edch h\u1ee3p l\u1ee3i khu\u1ea9n n\u00e0y v\u00e0o \u0111a d\u1ea1ng c\u00e1c s\u1ea3n ph\u1ea9m th\u1ef1c ph\u1ea9m v\u00e0 \u0111\u1ed3 u\u1ed1ng, bao g\u1ed3m c\u1ea3 nh\u1eefng s\u1ea3n ph\u1ea9m kh\u00f4ng y\u00eau c\u1ea7u b\u1ea3o qu\u1ea3n l\u1ea1nh.<\/p>\n<\/div><\/div><div class=\"faq-item\"><div class=\"faq-question\">S\u1ea3n ph\u1ea9m n\u00e0y c\u00f3 ph\u00f9 h\u1ee3p v\u1edbi ch\u1ebf \u0111\u1ed9 \u0103n _____ c\u1ee7a t\u00f4i kh\u00f4ng?<\/div><div class=\"faq-answer\"><p>BC30\u2122 c\u00f3 trong c\u00e1c s\u1ea3n ph\u1ea9m \u0111\u00e1p \u1ee9ng ti\u00eau chu\u1ea9n Kosher &amp; Halal, kh\u00f4ng ch\u1ee9a gluten, \u0111\u00e3 \u0111\u01b0\u1ee3c x\u00e1c nh\u1eadn b\u1edfi D\u1ef1 \u00e1n Kh\u00f4ng Bi\u1ebfn \u0110\u1ed5i Gen (Non-GMO) v\u00e0 tu\u00e2n th\u1ee7 c\u00e1c quy \u0111\u1ecbnh v\u1ec1 s\u1ea3n xu\u1ea5t h\u1eefu c\u01a1.<\/p>\n<\/div><\/div><div class=\"faq-item\"><div class=\"faq-question\">BC30\u2122 c\u00f3 th\u1ec3 \u0111\u01b0\u1ee3c \u1ee9ng d\u1ee5ng trong nh\u1eefng l\u0129nh v\u1ef1c n\u00e0o?<\/div><div class=\"faq-answer\"><p>BC30\u2122 c\u00f3 th\u1ec3 \u0111\u01b0\u1ee3c \u1ee9ng d\u1ee5ng r\u1ed9ng r\u00e3i trong h\u1ea7u h\u1ebft c\u00e1c quy tr\u00ecnh ch\u1ebf bi\u1ebfn th\u1ef1c ph\u1ea9m ho\u1eb7c \u0111\u1ed3 u\u1ed1ng, bao g\u1ed3m n\u01b0\u1edbng, lu\u1ed9c, \u0111\u00f4ng l\u1ea1nh ho\u1eb7c x\u1eed l\u00fd \u00e1p su\u1ea5t. \u1ee8ng d\u1ee5ng c\u1ee7a BC30\u2122 r\u1ea5t \u0111a d\u1ea1ng, bao g\u1ed3m s\u1eefa chua \u0111\u00f4ng l\u1ea1nh, b\u00e1nh n\u01b0\u1edbng, n\u01b0\u1edbc \u00e9p tr\u00e1i c\u00e2y, k\u1eb9o ng\u1ecdt v\u00e0 c\u1ea3 \u0111\u1ed3 u\u1ed1ng n\u00f3ng nh\u01b0 c\u00e0 ph\u00ea v\u00e0 tr\u00e0. C\u00e1c \u1ee9ng d\u1ee5ng bao g\u1ed3m:<br \/>\n\u2022 \u0110\u1ed3 u\u1ed1ng n\u00f3ng v\u00e0 l\u1ea1nh \u2022 Ng\u0169 c\u1ed1c \u2022 S\u1ea3n ph\u1ea9m b\u00e1nh n\u01b0\u1edbng \u2022 K\u1eb9o<br \/>\n\u2022 Th\u1ef1c ph\u1ea9m \u0111\u00f4ng l\u1ea1nh \u2022 H\u1ed7n h\u1ee3p b\u1ed9t \u2022 \u0110\u1ed3 \u0103n nh\u1eb9 \u2022 v\u00e0 nhi\u1ec1u lo\u1ea1i th\u1ef1c ph\u1ea9m kh\u00e1c\u2026<\/p>\n<\/div><\/div><\/div><div class=\"vc_empty_space\"   style=\"height: 62px\"><span class=\"vc_empty_space_inner\"><\/span><\/div><\/div><\/div><\/div><\/div>\n<\/div>","protected":false},"excerpt":{"rendered":"Frequently Asked Questions Q: What is a probiotic?According to the World Health Organization, a probiotic is a \u201clive microorganism that, when consumed in adequate amounts, confers a health benefit to the host\u201d. Q: Don\u2019t probiotics need to be refrigerated?Many lactic acid bacterium (vegetative organisms) such as those found in yogurts (ex. Lactobacillus and Bifidobacterium) need<a class=\"excerpt-read-more\" href=\"https:\/\/bc30probiotic.com\/vn\/faq\/\" title=\"ReadFAQs\">... Read more &raquo;<\/a>","protected":false},"author":1,"featured_media":0,"parent":0,"menu_order":0,"comment_status":"closed","ping_status":"closed","template":"","meta":{"footnotes":""},"class_list":["post-153","page","type-page","status-publish","hentry"],"yoast_head":"<!-- This site is optimized with the Yoast SEO plugin v27.0 - https:\/\/yoast.com\/product\/yoast-seo-wordpress\/ -->\n<title>FAQs | BC30 Probiotic<\/title>\n<meta name=\"robots\" content=\"index, follow, max-snippet:-1, max-image-preview:large, max-video-preview:-1\" \/>\n<link rel=\"canonical\" href=\"https:\/\/bc30probiotic.com\/vn\/faq\/\" \/>\n<meta property=\"og:locale\" content=\"vi_VN\" \/>\n<meta property=\"og:type\" content=\"article\" \/>\n<meta property=\"og:title\" content=\"FAQs | BC30 Probiotic\" \/>\n<meta property=\"og:url\" content=\"https:\/\/bc30probiotic.com\/vn\/faq\/\" \/>\n<meta property=\"og:site_name\" content=\"BC30 Probiotic\" \/>\n<meta property=\"article:modified_time\" content=\"2026-03-09T17:46:36+00:00\" \/>\n<meta name=\"twitter:card\" content=\"summary_large_image\" \/>\n<meta name=\"twitter:label1\" content=\"\u01af\u1edbc t\u00ednh th\u1eddi gian \u0111\u1ecdc\" \/>\n\t<meta name=\"twitter:data1\" content=\"3 ph\u00fat\" \/>\n<script type=\"application\/ld+json\" class=\"yoast-schema-graph\">{\"@context\":\"https:\/\/schema.org\",\"@graph\":[{\"@type\":\"WebPage\",\"@id\":\"https:\/\/bc30probiotic.com\/faq\/\",\"url\":\"https:\/\/bc30probiotic.com\/faq\/\",\"name\":\"FAQs | BC30 Probiotic\",\"isPartOf\":{\"@id\":\"https:\/\/bc30probiotic.com\/#website\"},\"datePublished\":\"2024-12-10T13:41:57+00:00\",\"dateModified\":\"2026-03-09T17:46:36+00:00\",\"breadcrumb\":{\"@id\":\"https:\/\/bc30probiotic.com\/faq\/#breadcrumb\"},\"inLanguage\":\"vi\",\"potentialAction\":[{\"@type\":\"ReadAction\",\"target\":[\"https:\/\/bc30probiotic.com\/faq\/\"]}]},{\"@type\":\"BreadcrumbList\",\"@id\":\"https:\/\/bc30probiotic.com\/faq\/#breadcrumb\",\"itemListElement\":[{\"@type\":\"ListItem\",\"position\":1,\"name\":\"Home\",\"item\":\"https:\/\/bc30probiotic.com\/\"},{\"@type\":\"ListItem\",\"position\":2,\"name\":\"FAQs\"}]},{\"@type\":\"WebSite\",\"@id\":\"https:\/\/bc30probiotic.com\/#website\",\"url\":\"https:\/\/bc30probiotic.com\/\",\"name\":\"BC30 Probiotic\",\"description\":\"\",\"potentialAction\":[{\"@type\":\"SearchAction\",\"target\":{\"@type\":\"EntryPoint\",\"urlTemplate\":\"https:\/\/bc30probiotic.com\/?s={search_term_string}\"},\"query-input\":{\"@type\":\"PropertyValueSpecification\",\"valueRequired\":true,\"valueName\":\"search_term_string\"}}],\"inLanguage\":\"vi\"}]}<\/script>\n<!-- \/ Yoast SEO plugin. -->","yoast_head_json":{"title":"FAQs | BC30 Probiotic","robots":{"index":"index","follow":"follow","max-snippet":"max-snippet:-1","max-image-preview":"max-image-preview:large","max-video-preview":"max-video-preview:-1"},"canonical":"https:\/\/bc30probiotic.com\/vn\/faq\/","og_locale":"vi_VN","og_type":"article","og_title":"FAQs | BC30 Probiotic","og_url":"https:\/\/bc30probiotic.com\/vn\/faq\/","og_site_name":"BC30 Probiotic","article_modified_time":"2026-03-09T17:46:36+00:00","twitter_card":"summary_large_image","twitter_misc":{"\u01af\u1edbc t\u00ednh th\u1eddi gian \u0111\u1ecdc":"3 ph\u00fat"},"schema":{"@context":"https:\/\/schema.org","@graph":[{"@type":"WebPage","@id":"https:\/\/bc30probiotic.com\/faq\/","url":"https:\/\/bc30probiotic.com\/faq\/","name":"FAQs | BC30 Probiotic","isPartOf":{"@id":"https:\/\/bc30probiotic.com\/#website"},"datePublished":"2024-12-10T13:41:57+00:00","dateModified":"2026-03-09T17:46:36+00:00","breadcrumb":{"@id":"https:\/\/bc30probiotic.com\/faq\/#breadcrumb"},"inLanguage":"vi","potentialAction":[{"@type":"ReadAction","target":["https:\/\/bc30probiotic.com\/faq\/"]}]},{"@type":"BreadcrumbList","@id":"https:\/\/bc30probiotic.com\/faq\/#breadcrumb","itemListElement":[{"@type":"ListItem","position":1,"name":"Home","item":"https:\/\/bc30probiotic.com\/"},{"@type":"ListItem","position":2,"name":"FAQs"}]},{"@type":"WebSite","@id":"https:\/\/bc30probiotic.com\/#website","url":"https:\/\/bc30probiotic.com\/","name":"BC30 Probiotic","description":"","potentialAction":[{"@type":"SearchAction","target":{"@type":"EntryPoint","urlTemplate":"https:\/\/bc30probiotic.com\/?s={search_term_string}"},"query-input":{"@type":"PropertyValueSpecification","valueRequired":true,"valueName":"search_term_string"}}],"inLanguage":"vi"}]}},"_links":{"self":[{"href":"https:\/\/bc30probiotic.com\/vn\/wp-json\/wp\/v2\/pages\/153","targetHints":{"allow":["GET"]}}],"collection":[{"href":"https:\/\/bc30probiotic.com\/vn\/wp-json\/wp\/v2\/pages"}],"about":[{"href":"https:\/\/bc30probiotic.com\/vn\/wp-json\/wp\/v2\/types\/page"}],"author":[{"embeddable":true,"href":"https:\/\/bc30probiotic.com\/vn\/wp-json\/wp\/v2\/users\/1"}],"replies":[{"embeddable":true,"href":"https:\/\/bc30probiotic.com\/vn\/wp-json\/wp\/v2\/comments?post=153"}],"version-history":[{"count":11,"href":"https:\/\/bc30probiotic.com\/vn\/wp-json\/wp\/v2\/pages\/153\/revisions"}],"predecessor-version":[{"id":379,"href":"https:\/\/bc30probiotic.com\/vn\/wp-json\/wp\/v2\/pages\/153\/revisions\/379"}],"wp:attachment":[{"href":"https:\/\/bc30probiotic.com\/vn\/wp-json\/wp\/v2\/media?parent=153"}],"curies":[{"name":"wp","href":"https:\/\/api.w.org\/{rel}","templated":true}]}}