{"id":172,"date":"2024-12-10T15:06:00","date_gmt":"2024-12-10T15:06:00","guid":{"rendered":"https:\/\/bc30probiotic.com\/?page_id=172"},"modified":"2025-01-17T09:26:26","modified_gmt":"2025-01-17T09:26:26","slug":"digestive-health","status":"publish","type":"page","link":"https:\/\/bc30probiotic.com\/vn\/research\/digestive-health\/","title":{"rendered":"S\u1ee9c kh\u1ecfe ti\u00eau h\u00f3a"},"content":{"rendered":"<div class=\"wpb-content-wrapper\"><div data-vc-full-width=\"true\" data-vc-full-width-temp=\"true\" data-vc-full-width-init=\"false\" data-vc-stretch-content=\"true\" class=\"vc_row wpb_row vc_row-fluid vc_row-no-padding\"><div class=\"wpb_column vc_column_container vc_col-sm-12\"><div class=\"vc_column-inner\"><div class=\"wpb_wrapper\"><div class=\"navigation-block\"><div class=\"container\"><h2>Khoa h\u1ecdc v\u00e0 nghi\u00ean c\u1ee9u<\/h2><div class=\"navigation-links\"><a href=\"\/vn\/research\/\" class=\"\">T\u1ed5ng quan<\/a><span class=\"seperator\"><\/span><a href=\"\/vn\/research\/digestive-health\/\" class=\"sub-active\">S\u1ee9c kh\u1ecfe ti\u00eau h\u00f3a<\/a><span class=\"seperator\"><\/span><a href=\"\/vn\/research\/protein-absorption\/\" class=\"\">Kh\u1ea3 n\u0103ng h\u1ea5p th\u1ee5 protein<\/a><span class=\"seperator\"><\/span><a href=\"\/vn\/research\/others\/\" class=\"\">Ngu\u1ed3n tham kh\u1ea3o<\/a><span class=\"seperator\"><\/span><\/div><\/div><\/div><\/div><\/div><\/div><\/div><div class=\"vc_row-full-width vc_clearfix\"><\/div><div class=\"vc_row wpb_row vc_row-fluid\"><div class=\"wpb_column vc_column_container vc_col-sm-12\"><div class=\"vc_column-inner\"><div class=\"wpb_wrapper\"><div class=\"vc_empty_space\"   style=\"height: 32px\"><span class=\"vc_empty_space_inner\"><\/span><\/div>\n\t<div class=\"wpb_text_column wpb_content_element\" >\n\t\t<div class=\"wpb_wrapper\">\n\t\t\t<h2>T\u1ea1i sao l\u1ea1i l\u00e0 s\u1ee9c kh\u1ecfe ti\u00eau h\u00f3a<\/h2>\n<p>H\u1ec7 ti\u00eau h\u00f3a \u0111\u00f3ng vai tr\u00f2 quan tr\u1ecdng trong s\u1ee9c kh\u1ecfe t\u1ed5ng th\u1ec3 c\u1ee7a b\u1ea1n. Kh\u1ea3 n\u0103ng h\u1ea5p th\u1ee5 c\u00e1c ch\u1ea5t dinh d\u01b0\u1ee1ng thi\u1ebft y\u1ebfu t\u1eeb th\u1ee9c \u0103n c\u1ee7a c\u01a1 th\u1ec3 ph\u1ee5 thu\u1ed9c tr\u1ef1c ti\u1ebfp v\u00e0o h\u1ec7 th\u1ed1ng n\u00e0y. Khi ho\u1ea1t \u0111\u1ed9ng k\u00e9m hi\u1ec7u qu\u1ea3, n\u00f3 c\u00f3 th\u1ec3 g\u00e2y ra nhi\u1ec1u v\u1ea5n \u0111\u1ec1 s\u1ee9c kh\u1ecfe, \u1ea3nh h\u01b0\u1edfng ti\u00eau c\u1ef1c \u0111\u1ebfn ch\u1ea5t l\u01b0\u1ee3ng cu\u1ed9c s\u1ed1ng h\u00e0ng ng\u00e0y, bao g\u1ed3m c\u00e1c tri\u1ec7u ch\u1ee9ng nh\u01b0 \u0111\u1ea7y h\u01a1i, t\u00e1o b\u00f3n v\u00e0 kh\u00f3 ch\u1ecbu. V\u1ec1 c\u01a1 b\u1ea3n, h\u1ec7 ti\u00eau h\u00f3a kh\u1ecfe m\u1ea1nh g\u00f3p ph\u1ea7n quan tr\u1ecdng v\u00e0o vi\u1ec7c \u0111\u1ea1t \u0111\u01b0\u1ee3c s\u1ee9c kh\u1ecfe t\u1ed1i \u01b0u.<\/p>\n\n\t\t<\/div>\n\t<\/div>\n<\/div><\/div><\/div><\/div><div class=\"vc_row wpb_row vc_row-fluid\"><div class=\"wpb_column vc_column_container vc_col-sm-12\"><div class=\"vc_column-inner\"><div class=\"wpb_wrapper\"><div class=\"imgtext_section\">\n    <div class=\"container\">\n        <div class=\"imgtext_section_inner\">\n            <div class=\"image_di\">\n                <img decoding=\"async\" src=\"\/wp-content\/uploads\/2024\/12\/digestive-health.jpg\" alt=\"\">\n            <\/div>\n            <div class=\"content\">\n               <\/p>\n<h2><span class=\"font-lg\">L\u1ee3i \u00edch c\u1ee7a BC30\u2122  \u0111\u1ed1i v\u1edbi H\u1ec7 ti\u00eau h\u00f3a<\/span><\/h2>\n<p>C\u00e1c nghi\u00ean c\u1ee9u khoa h\u1ecdc \u0111\u00e3 ch\u1ec9 ra r\u1eb1ng b\u1ed5 sung BC30\u2122 h\u00e0ng ng\u00e0y c\u00f3 th\u1ec3 g\u00f3p ph\u1ea7n c\u1ea3i thi\u1ec7n s\u1ee9c kh\u1ecfe ti\u00eau h\u00f3a. BC30\u2122 \u0111\u00e3 \u0111\u01b0\u1ee3c ch\u1ee9ng minh l\u00e0 c\u00f3 kh\u1ea3 n\u0103ng gi\u1ea3m t\u00ecnh tr\u1ea1ng kh\u00f3 ti\u00eau v\u00e0 \u0111i\u1ec1u h\u00f2a ho\u1ea1t \u0111\u1ed9ng nhu \u0111\u1ed9ng ru\u1ed9t.\n            <\/div>\n        <\/div>\n    <\/div>\n<\/div><div class=\"vc_empty_space\"   style=\"height: 32px\"><span class=\"vc_empty_space_inner\"><\/span><\/div><\/div><\/div><\/div><\/div><div class=\"vc_row wpb_row vc_row-fluid\"><div class=\"wpb_column vc_column_container vc_col-sm-12\"><div class=\"vc_column-inner\"><div class=\"wpb_wrapper\"><div class=\"imgtext_section right\">\n    <div class=\"container\">\n        <div class=\"imgtext_section_inner\">\n            <div class=\"image_di\">\n                <img decoding=\"async\" src=\"\/wp-content\/uploads\/2024\/12\/graph-1.png\" alt=\"\">\n            <\/div>\n            <div class=\"content\">\n               <\/p>\n<h2><span class=\"font-lg\">BC30\u2122 gi\u00fap b\u00ecnh th\u01b0\u1eddng h\u00f3a ch\u1ee9c n\u0103ng ru\u1ed9t \u1edf ng\u01b0\u1eddi l\u1edbn b\u1ecb IBS<\/span><\/h2>\n<p>Nh\u1eefng ng\u01b0\u1eddi tham gia s\u1eed d\u1ee5ng BC30\u2122 \u0111\u00e3 tr\u1ea3i qua m\u1ed9t <strong>gi\u1ea3m \u0111\u00e1ng k\u1ec3 t\u1ed5ng th\u1ec3 s\u1ed1 l\u1ea7n \u0111i ti\u00eau h\u00e0ng ng\u00e0y<\/strong> so v\u1edbi ban \u0111\u1ea7u h\u01a1n nh\u1eefng ng\u01b0\u1eddi tham gia d\u00f9ng gi\u1ea3 d\u01b0\u1ee3c. (p\u22640,05)<\/p>\n<p class=\"translation-block\"><small>*p\u22640.05 \u201c\u1ea2nh h\u01b0\u1edfng c\u1ee7a ch\u1ebf ph\u1ea9m <i>Bacillus coagulans<\/i> \u0111\u1ed9c quy\u1ec1n l\u00ean c\u00e1c tri\u1ec7u ch\u1ee9ng c\u1ee7a h\u1ed9i ch\u1ee9ng ru\u1ed9t k\u00edch th\u00edch ch\u1ee7 y\u1ebfu l\u00e0 ti\u00eau ch\u1ea3y.\u201d (2009) <i>Ph\u01b0\u01a1ng ph\u00e1p &amp; Ph\u00e1t hi\u1ec7n trong D\u01b0\u1ee3c l\u00fd h\u1ecdc Th\u1ef1c nghi\u1ec7m v\u00e0 L\u00e2m s\u00e0ng<\/i> 31:655.<\/small><\/div>\n        <\/div>\n    <\/div>\n<\/div><div class=\"vc_empty_space\"   style=\"height: 62px\"><span class=\"vc_empty_space_inner\"><\/span><\/div><\/div><\/div><\/div><\/div><div class=\"vc_row wpb_row vc_row-fluid\"><div class=\"wpb_column vc_column_container vc_col-sm-12\"><div class=\"vc_column-inner\"><div class=\"wpb_wrapper\"><div class=\"vc_empty_space\"   style=\"height: 32px\"><span class=\"vc_empty_space_inner\"><\/span><\/div>\n\t<div class=\"wpb_text_column wpb_content_element\" >\n\t\t<div class=\"wpb_wrapper\">\n\t\t\t<h2>BC30\u2122 l\u00e0m gi\u1ea3m t\u00ecnh tr\u1ea1ng kh\u00f3 ti\u00eau h\u00f3a th\u00f4ng th\u01b0\u1eddng, bao g\u1ed3m \u0111au b\u1ee5ng v\u00e0 \u0111\u1ea7y h\u01a1i<\/h2>\n<p>Nh\u1eefng ng\u01b0\u1eddi tham gia s\u1eed d\u1ee5ng BC30\u2122 \u0111\u00e3 tr\u1ea3i qua m\u1ed9t <strong>c\u1ea3i thi\u1ec7n \u0111\u00e1ng k\u1ec3 t\u00ecnh tr\u1ea1ng \u0111au b\u1ee5ng v\u00e0 \u0111\u1ea7y h\u01a1i \u0111\u00e3 b\u00e1o c\u00e1o<\/strong> m\u1ed7i tu\u1ea7n so v\u1edbi ban \u0111\u1ea7u trong khi nh\u1eefng ng\u01b0\u1eddi tham gia d\u00f9ng gi\u1ea3 d\u01b0\u1ee3c kh\u00f4ng th\u1ea5y c\u1ea3i thi\u1ec7n nh\u1ea5t qu\u00e1n.<\/p>\n\n\t\t<\/div>\n\t<\/div>\n<\/div><\/div><\/div><\/div><div class=\"vc_row wpb_row vc_row-fluid\"><div class=\"wpb_column vc_column_container vc_col-sm-12\"><div class=\"vc_column-inner\"><div class=\"wpb_wrapper\">\n\t<div class=\"wpb_text_column wpb_content_element\" >\n\t\t<div class=\"wpb_wrapper\">\n\t\t\t<p><img loading=\"lazy\" decoding=\"async\" class=\"alignnone size-large wp-image-180\" src=\"https:\/\/bc30probiotic.com\/wp-content\/uploads\/2024\/12\/graph-2-1024x393.png\" alt=\"\" width=\"1024\" height=\"393\" srcset=\"\/wp-content\/uploads\/2024\/12\/graph-2-1024x393.png 1024w, \/wp-content\/uploads\/2024\/12\/graph-2-300x115.png 300w, \/wp-content\/uploads\/2024\/12\/graph-2-768x295.png 768w, \/wp-content\/uploads\/2024\/12\/graph-2-500x192.png 500w, \/wp-content\/uploads\/2024\/12\/graph-2.png 1248w\" sizes=\"auto, (max-width: 1024px) 100vw, 1024px\" \/><\/p>\n\n\t\t<\/div>\n\t<\/div>\n\n\t<div class=\"wpb_text_column wpb_content_element\" >\n\t\t<div class=\"wpb_wrapper\">\n\t\t\t<p class=\"translation-block\"><small>*p\u22640.05, **p\u22640.01, ***p\u22640.001 \u201c<i>Bacillus <\/i><i>coagulans<\/i> c\u1ea3i thi\u1ec7n \u0111\u00e1ng k\u1ec3 t\u00ecnh tr\u1ea1ng \u0111au b\u1ee5ng v\u00e0 \u0111\u1ea7y h\u01a1i \u1edf b\u1ec7nh nh\u00e2n m\u1eafc h\u1ed9i ch\u1ee9ng ru\u1ed9t k\u00edch th\u00edch.\u201d (2009) <i>Y khoa sau \u0111\u1ea1i h\u1ecdc<\/i>121:119.<\/small><\/p>\n\n\t\t<\/div>\n\t<\/div>\n<\/div><\/div><\/div><\/div>\n<\/div>","protected":false},"excerpt":{"rendered":"Science and ResearchOverviewDigestive HealthProtein AbsorptionOthers Why Digestive Health Your digestive system plays a crucial role in your overall health. It directly affects the body's ability to absorb essential nutrients from food, and when it functions poorly, it can significantly disrupt daily life with discomfort and symptoms like bloating or constipation. Essentially, a healthy digestive system<a class=\"excerpt-read-more\" href=\"https:\/\/bc30probiotic.com\/vn\/research\/digestive-health\/\" title=\"ReadDigestive Health\">... Read more &raquo;<\/a>","protected":false},"author":1,"featured_media":0,"parent":124,"menu_order":0,"comment_status":"closed","ping_status":"closed","template":"","meta":{"footnotes":""},"class_list":["post-172","page","type-page","status-publish","hentry"],"yoast_head":"<!-- This site is optimized with the Yoast SEO plugin v27.0 - https:\/\/yoast.com\/product\/yoast-seo-wordpress\/ -->\n<title>Digestive Health | BC30 Probiotic<\/title>\n<meta name=\"robots\" content=\"index, follow, max-snippet:-1, max-image-preview:large, max-video-preview:-1\" \/>\n<link rel=\"canonical\" href=\"https:\/\/bc30probiotic.com\/vn\/research\/digestive-health\/\" \/>\n<meta property=\"og:locale\" content=\"vi_VN\" \/>\n<meta property=\"og:type\" content=\"article\" \/>\n<meta property=\"og:title\" content=\"Digestive Health | BC30 Probiotic\" \/>\n<meta property=\"og:url\" content=\"https:\/\/bc30probiotic.com\/vn\/research\/digestive-health\/\" \/>\n<meta property=\"og:site_name\" content=\"BC30 Probiotic\" \/>\n<meta property=\"article:modified_time\" content=\"2025-01-17T09:26:26+00:00\" \/>\n<meta property=\"og:image\" content=\"https:\/\/bc30probiotic.com\/wp-content\/uploads\/2024\/12\/graph-2-1024x393.png\" \/>\n<meta name=\"twitter:card\" content=\"summary_large_image\" \/>\n<meta name=\"twitter:label1\" content=\"\u01af\u1edbc t\u00ednh th\u1eddi gian \u0111\u1ecdc\" \/>\n\t<meta name=\"twitter:data1\" content=\"2 ph\u00fat\" \/>\n<script type=\"application\/ld+json\" class=\"yoast-schema-graph\">{\"@context\":\"https:\/\/schema.org\",\"@graph\":[{\"@type\":\"WebPage\",\"@id\":\"https:\/\/bc30probiotic.com\/research\/digestive-health\/\",\"url\":\"https:\/\/bc30probiotic.com\/research\/digestive-health\/\",\"name\":\"Digestive Health | BC30 Probiotic\",\"isPartOf\":{\"@id\":\"https:\/\/bc30probiotic.com\/#website\"},\"primaryImageOfPage\":{\"@id\":\"https:\/\/bc30probiotic.com\/research\/digestive-health\/#primaryimage\"},\"image\":{\"@id\":\"https:\/\/bc30probiotic.com\/research\/digestive-health\/#primaryimage\"},\"thumbnailUrl\":\"https:\/\/bc30probiotic.com\/wp-content\/uploads\/2024\/12\/graph-2-1024x393.png\",\"datePublished\":\"2024-12-10T15:06:00+00:00\",\"dateModified\":\"2025-01-17T09:26:26+00:00\",\"breadcrumb\":{\"@id\":\"https:\/\/bc30probiotic.com\/research\/digestive-health\/#breadcrumb\"},\"inLanguage\":\"vi\",\"potentialAction\":[{\"@type\":\"ReadAction\",\"target\":[\"https:\/\/bc30probiotic.com\/research\/digestive-health\/\"]}]},{\"@type\":\"ImageObject\",\"inLanguage\":\"vi\",\"@id\":\"https:\/\/bc30probiotic.com\/research\/digestive-health\/#primaryimage\",\"url\":\"https:\/\/bc30probiotic.com\/wp-content\/uploads\/2024\/12\/graph-2-1024x393.png\",\"contentUrl\":\"https:\/\/bc30probiotic.com\/wp-content\/uploads\/2024\/12\/graph-2-1024x393.png\"},{\"@type\":\"BreadcrumbList\",\"@id\":\"https:\/\/bc30probiotic.com\/research\/digestive-health\/#breadcrumb\",\"itemListElement\":[{\"@type\":\"ListItem\",\"position\":1,\"name\":\"Home\",\"item\":\"https:\/\/bc30probiotic.com\/\"},{\"@type\":\"ListItem\",\"position\":2,\"name\":\"Research\",\"item\":\"https:\/\/bc30probiotic.com\/research\/\"},{\"@type\":\"ListItem\",\"position\":3,\"name\":\"Digestive Health\"}]},{\"@type\":\"WebSite\",\"@id\":\"https:\/\/bc30probiotic.com\/#website\",\"url\":\"https:\/\/bc30probiotic.com\/\",\"name\":\"BC30 Probiotic\",\"description\":\"\",\"potentialAction\":[{\"@type\":\"SearchAction\",\"target\":{\"@type\":\"EntryPoint\",\"urlTemplate\":\"https:\/\/bc30probiotic.com\/?s={search_term_string}\"},\"query-input\":{\"@type\":\"PropertyValueSpecification\",\"valueRequired\":true,\"valueName\":\"search_term_string\"}}],\"inLanguage\":\"vi\"}]}<\/script>\n<!-- \/ Yoast SEO plugin. -->","yoast_head_json":{"title":"Digestive Health | BC30 Probiotic","robots":{"index":"index","follow":"follow","max-snippet":"max-snippet:-1","max-image-preview":"max-image-preview:large","max-video-preview":"max-video-preview:-1"},"canonical":"https:\/\/bc30probiotic.com\/vn\/research\/digestive-health\/","og_locale":"vi_VN","og_type":"article","og_title":"Digestive Health | BC30 Probiotic","og_url":"https:\/\/bc30probiotic.com\/vn\/research\/digestive-health\/","og_site_name":"BC30 Probiotic","article_modified_time":"2025-01-17T09:26:26+00:00","og_image":[{"url":"https:\/\/bc30probiotic.com\/wp-content\/uploads\/2024\/12\/graph-2-1024x393.png","type":"","width":"","height":""}],"twitter_card":"summary_large_image","twitter_misc":{"\u01af\u1edbc t\u00ednh th\u1eddi gian \u0111\u1ecdc":"2 ph\u00fat"},"schema":{"@context":"https:\/\/schema.org","@graph":[{"@type":"WebPage","@id":"https:\/\/bc30probiotic.com\/research\/digestive-health\/","url":"https:\/\/bc30probiotic.com\/research\/digestive-health\/","name":"Digestive Health | BC30 Probiotic","isPartOf":{"@id":"https:\/\/bc30probiotic.com\/#website"},"primaryImageOfPage":{"@id":"https:\/\/bc30probiotic.com\/research\/digestive-health\/#primaryimage"},"image":{"@id":"https:\/\/bc30probiotic.com\/research\/digestive-health\/#primaryimage"},"thumbnailUrl":"https:\/\/bc30probiotic.com\/wp-content\/uploads\/2024\/12\/graph-2-1024x393.png","datePublished":"2024-12-10T15:06:00+00:00","dateModified":"2025-01-17T09:26:26+00:00","breadcrumb":{"@id":"https:\/\/bc30probiotic.com\/research\/digestive-health\/#breadcrumb"},"inLanguage":"vi","potentialAction":[{"@type":"ReadAction","target":["https:\/\/bc30probiotic.com\/research\/digestive-health\/"]}]},{"@type":"ImageObject","inLanguage":"vi","@id":"https:\/\/bc30probiotic.com\/research\/digestive-health\/#primaryimage","url":"https:\/\/bc30probiotic.com\/wp-content\/uploads\/2024\/12\/graph-2-1024x393.png","contentUrl":"https:\/\/bc30probiotic.com\/wp-content\/uploads\/2024\/12\/graph-2-1024x393.png"},{"@type":"BreadcrumbList","@id":"https:\/\/bc30probiotic.com\/research\/digestive-health\/#breadcrumb","itemListElement":[{"@type":"ListItem","position":1,"name":"Home","item":"https:\/\/bc30probiotic.com\/"},{"@type":"ListItem","position":2,"name":"Research","item":"https:\/\/bc30probiotic.com\/research\/"},{"@type":"ListItem","position":3,"name":"Digestive Health"}]},{"@type":"WebSite","@id":"https:\/\/bc30probiotic.com\/#website","url":"https:\/\/bc30probiotic.com\/","name":"BC30 Probiotic","description":"","potentialAction":[{"@type":"SearchAction","target":{"@type":"EntryPoint","urlTemplate":"https:\/\/bc30probiotic.com\/?s={search_term_string}"},"query-input":{"@type":"PropertyValueSpecification","valueRequired":true,"valueName":"search_term_string"}}],"inLanguage":"vi"}]}},"_links":{"self":[{"href":"https:\/\/bc30probiotic.com\/vn\/wp-json\/wp\/v2\/pages\/172","targetHints":{"allow":["GET"]}}],"collection":[{"href":"https:\/\/bc30probiotic.com\/vn\/wp-json\/wp\/v2\/pages"}],"about":[{"href":"https:\/\/bc30probiotic.com\/vn\/wp-json\/wp\/v2\/types\/page"}],"author":[{"embeddable":true,"href":"https:\/\/bc30probiotic.com\/vn\/wp-json\/wp\/v2\/users\/1"}],"replies":[{"embeddable":true,"href":"https:\/\/bc30probiotic.com\/vn\/wp-json\/wp\/v2\/comments?post=172"}],"version-history":[{"count":13,"href":"https:\/\/bc30probiotic.com\/vn\/wp-json\/wp\/v2\/pages\/172\/revisions"}],"predecessor-version":[{"id":371,"href":"https:\/\/bc30probiotic.com\/vn\/wp-json\/wp\/v2\/pages\/172\/revisions\/371"}],"up":[{"embeddable":true,"href":"https:\/\/bc30probiotic.com\/vn\/wp-json\/wp\/v2\/pages\/124"}],"wp:attachment":[{"href":"https:\/\/bc30probiotic.com\/vn\/wp-json\/wp\/v2\/media?parent=172"}],"curies":[{"name":"wp","href":"https:\/\/api.w.org\/{rel}","templated":true}]}}