{"id":177,"date":"2024-12-10T15:08:46","date_gmt":"2024-12-10T15:08:46","guid":{"rendered":"https:\/\/bc30probiotic.com\/?page_id=177"},"modified":"2025-01-17T09:30:23","modified_gmt":"2025-01-17T09:30:23","slug":"protein-absorption","status":"publish","type":"page","link":"https:\/\/bc30probiotic.com\/vn\/research\/protein-absorption\/","title":{"rendered":"Kh\u1ea3 n\u0103ng h\u1ea5p th\u1ee5 protein"},"content":{"rendered":"<div class=\"wpb-content-wrapper\"><div data-vc-full-width=\"true\" data-vc-full-width-temp=\"true\" data-vc-full-width-init=\"false\" data-vc-stretch-content=\"true\" class=\"vc_row wpb_row vc_row-fluid vc_row-no-padding\"><div class=\"wpb_column vc_column_container vc_col-sm-12\"><div class=\"vc_column-inner\"><div class=\"wpb_wrapper\"><div class=\"navigation-block\"><div class=\"container\"><h2>Khoa h\u1ecdc v\u00e0 nghi\u00ean c\u1ee9u<\/h2><div class=\"navigation-links\"><a href=\"\/vn\/research\/\" class=\"\">T\u1ed5ng quan<\/a><span class=\"seperator\"><\/span><a href=\"\/vn\/research\/digestive-health\/\" class=\"\">S\u1ee9c kh\u1ecfe ti\u00eau h\u00f3a<\/a><span class=\"seperator\"><\/span><a href=\"\/vn\/research\/protein-absorption\/\" class=\"sub-active\">Kh\u1ea3 n\u0103ng h\u1ea5p th\u1ee5 protein<\/a><span class=\"seperator\"><\/span><a href=\"\/vn\/research\/others\/\" class=\"\">Ngu\u1ed3n tham kh\u1ea3o<\/a><span class=\"seperator\"><\/span><\/div><\/div><\/div><\/div><\/div><\/div><\/div><div class=\"vc_row-full-width vc_clearfix\"><\/div><div class=\"vc_row wpb_row vc_row-fluid\"><div class=\"wpb_column vc_column_container vc_col-sm-12\"><div class=\"vc_column-inner\"><div class=\"wpb_wrapper\"><div class=\"vc_empty_space\"   style=\"height: 32px\"><span class=\"vc_empty_space_inner\"><\/span><\/div>\n\t<div class=\"wpb_text_column wpb_content_element\" >\n\t\t<div class=\"wpb_wrapper\">\n\t\t\t<h2>T\u1ea1i sao l\u1ea1i l\u00e0 kh\u1ea3 n\u0103ng h\u1ea5p th\u1ee5 protein?<\/h2>\n<p>Protein \u0111\u01b0\u1ee3c xem l\u00e0 \u201ckh\u1ed1i x\u00e2y d\u1ef1ng c\u01a1 b\u1ea3n c\u1ee7a s\u1ef1 s\u1ed1ng\u201d v\u00ec n\u00f3 c\u00f3 m\u1eb7t trong m\u1ecdi c\u1ea5u tr\u00fac c\u1ee7a c\u01a1 th\u1ec3, bao g\u1ed3m t\u1ebf b\u00e0o, x\u01b0\u01a1ng, c\u01a1 b\u1eafp, m\u00e1u v\u00e0 hormone. N\u00f3 \u0111\u00f3ng g\u00f3p quan tr\u1ecdng v\u00e0o nhi\u1ec1u ch\u1ee9c n\u0103ng sinh h\u1ecdc c\u1ee7a c\u01a1 th\u1ec3, bao g\u1ed3m kh\u1ea3 n\u0103ng di chuy\u1ec3n, h\u1ec7 th\u1ed1ng mi\u1ec5n d\u1ecbch, s\u1ee9c kh\u1ecfe l\u00e0n da, ho\u1ea1t \u0111\u1ed9ng c\u1ee7a n\u00e3o b\u1ed9 v\u00e0 s\u1ea3n xu\u1ea5t n\u0103ng l\u01b0\u1ee3ng. Sau khi \u0111\u01b0\u1ee3c \u0111\u01b0a v\u00e0o c\u01a1 th\u1ec3 qua \u0111\u01b0\u1eddng th\u1ee9c \u0103n, protein c\u1ea7n \u0111\u01b0\u1ee3c ti\u00eau h\u00f3a v\u00e0 h\u1ea5p th\u1ee5 \u0111\u1ea7y \u0111\u1ee7 \u0111\u1ec3 c\u00f3 th\u1ec3 ph\u00e1t huy t\u00e1c d\u1ee5ng t\u1ed1i \u01b0u.<\/p>\n\n\t\t<\/div>\n\t<\/div>\n<\/div><\/div><\/div><\/div><div class=\"vc_row wpb_row vc_row-fluid\"><div class=\"wpb_column vc_column_container vc_col-sm-12\"><div class=\"vc_column-inner\"><div class=\"wpb_wrapper\"><div class=\"imgtext_section\">\n    <div class=\"container\">\n        <div class=\"imgtext_section_inner\">\n            <div class=\"image_di\">\n                <img decoding=\"async\" src=\"\/wp-content\/uploads\/2024\/12\/water-sport.jpg\" alt=\"\">\n            <\/div>\n            <div class=\"content\">\n               <\/p>\n<h2>BC30\u2122 v\u00e0 Kh\u1ea3 n\u0103ng h\u1ea5p th\u1ee5 protein<\/h2>\n<p>BC30\u2122 s\u1ea3n sinh c\u00e1c enzyme ti\u00eau h\u00f3a gi\u00fap ph\u00e2n gi\u1ea3i protein th\u00e0nh c\u00e1c chu\u1ed7i peptide ng\u1eafn h\u01a1n v\u00e0 axit amin. B\u00ean c\u1ea1nh \u0111\u00f3, n\u00f3 c\u0169ng g\u00f3p ph\u1ea7n n\u00e2ng cao kh\u1ea3 n\u0103ng h\u1ea5p thu protein th\u00f4ng qua vi\u1ec7c \u0111i\u1ec1u h\u00f2a h\u1ec7 vi sinh \u0111\u01b0\u1eddng ru\u1ed9t v\u00e0 t\u0103ng c\u01b0\u1eddng s\u1ef1 hi\u1ec7n di\u1ec7n c\u1ee7a c\u00e1c enzyme ti\u00eau h\u00f3a trong \u0111\u01b0\u1eddng ru\u1ed9t. Nghi\u00ean c\u1ee9u l\u00e2m s\u00e0ng cho th\u1ea5y BC30\u2122 c\u00f3 t\u00e1c d\u1ee5ng l\u00e0m t\u0103ng \u0111\u00e1ng k\u1ec3 n\u1ed3ng \u0111\u1ed9 \u0111\u1ec9nh huy\u1ebft thanh c\u1ee7a t\u1ed5ng s\u1ed1 axit amin (TAA) v\u00e0 axit amin thi\u1ebft y\u1ebfu (EAA) h\u1ea5p thu t\u1eeb c\u1ea3 ngu\u1ed3n protein s\u1eefa v\u00e0 protein th\u1ef1c v\u1eadt.\n            <\/div>\n        <\/div>\n    <\/div>\n<\/div><\/div><\/div><\/div><\/div><div class=\"vc_row wpb_row vc_row-fluid\"><div class=\"wpb_column vc_column_container vc_col-sm-12\"><div class=\"vc_column-inner\"><div class=\"wpb_wrapper\"><div class=\"imgtext_section right\">\n    <div class=\"container\">\n        <div class=\"imgtext_section_inner\">\n            <div class=\"image_di\">\n                <img decoding=\"async\" src=\"\/wp-content\/uploads\/2024\/12\/concentration-of-amino.jpg\" alt=\"\">\n            <\/div>\n            <div class=\"content\">\n               <\/p>\n<ul>\n<li aria-level=\"1\">BC30\u2122 l\u00e0m t\u0103ng \u0111\u00e1ng k\u1ec3 n\u1ed3ng \u0111\u1ed9 t\u1ed1i \u0111a trong huy\u1ebft thanh c\u1ee7a t\u1ed5ng s\u1ed1 axit amin v\u00e0 c\u00e1c axit amin thi\u1ebft y\u1ebfu t\u1eeb c\u1ea3 protein t\u1eeb s\u1eefa v\u00e0 th\u1ef1c v\u1eadt.<\/li>\n<li aria-level=\"1\">Ti\u00eau th\u1ee5 BC30\u2122 <b>t\u0103ng \u0111\u00e1ng k\u1ec3 n\u1ed3ng \u0111\u1ed9 \u0111\u1ec9nh c\u1ee7a t\u1ed5ng s\u1ed1 axit amin v\u00e0 axit amin thi\u1ebft y\u1ebfu, <\/b>b\u00e1o hi\u1ec7u s\u1ef1 h\u1ea5p th\u1ee5 protein t\u1eeb s\u1eefa t\u0103ng l\u00ean.<\/li>\n<li>S\u1eed d\u1ee5ng BC30\u2122 v\u1edbi Ultranor, s\u1ea3n ph\u1ea9m c\u00f4 \u0111\u1eb7c protein s\u1eefa dinh d\u01b0\u1ee1ng c\u1ee7a Kerry, c\u0169ng l\u00e0m t\u0103ng \u0111\u00e1ng k\u1ec3 n\u1ed3ng \u0111\u1ed9 t\u1ed1i \u0111a c\u1ee7a 10 lo\u1ea1i axit amin ri\u00eang l\u1ebb trong m\u00e1u.<\/li>\n<li>BC30\u2122 l\u00e0m t\u0103ng axit amin thi\u1ebft y\u1ebfu (EAA) l\u00ean 6,6% v\u00e0 t\u1ed5ng axit amin (TAA) l\u00ean 7,2%. C\u00e1c AA c\u1ee5 th\u1ec3 nh\u01b0 Arginine v\u00e0 Isoleucine cho th\u1ea5y s\u1ef1 c\u1ea3i thi\u1ec7n \u0111\u00e1ng k\u1ec3.<\/li>\n<\/ul>\n<p>&nbsp;<\/p>\n<p><small>*p&lt;0,05, **p0,001 \u201cBacillus coagulans GBI-30, 6086 c\u1ea3i thi\u1ec7n kh\u1ea3 n\u0103ng h\u1ea5p th\u1ee5 axit amin t\u1eeb protein s\u1eefa.\u201d (2020) Dinh d\u01b0\u1ee1ng &amp; Chuy\u1ec3n h\u00f3a 17:93.<\/small>\n            <\/div>\n        <\/div>\n    <\/div>\n<\/div><\/div><\/div><\/div><\/div><div class=\"vc_row wpb_row vc_row-fluid\"><div class=\"wpb_column vc_column_container vc_col-sm-12\"><div class=\"vc_column-inner\"><div class=\"wpb_wrapper\"><div class=\"imgtext_section\">\n    <div class=\"container\">\n        <div class=\"imgtext_section_inner\">\n            <div class=\"image_di\">\n                <img decoding=\"async\" src=\"\/wp-content\/uploads\/2024\/12\/plant-proteins.png\" alt=\"\">\n            <\/div>\n            <div class=\"content\">\n               \u0110\u1ed1i v\u1edbi protein th\u1ef1c v\u1eadt, BC30 l\u00e0m t\u0103ng EAA l\u00ean 5,3% v\u00e0 TAA l\u00ean 4,5%, v\u1edbi s\u1ef1 gia t\u0103ng \u0111\u00e1ng k\u1ec3 c\u1ee7a Alanine, Ornithine, Tryptophan v\u00e0 Cysteine.<\/p>\n<p><small>\u201cBacillus coagulans GBI-30, 6086 l\u00e0m t\u0103ng qu\u00e1 tr\u00ecnh ti\u00eau h\u00f3a protein th\u1ef1c v\u1eadt trong m\u00f4 h\u00ecnh \u1ed1ng nghi\u1ec7m \u0111\u1ed9ng, \u0111\u01b0\u1ee3c \u0111i\u1ec1u khi\u1ec3n b\u1eb1ng m\u00e1y t\u00ednh c\u1ee7a ru\u1ed9t non (TIM-1).\u201d (2017) <i>Beneficial Microbes 8(3): 491-496.M<\/i><\/small>\n            <\/div>\n        <\/div>\n    <\/div>\n<\/div><div class=\"vc_empty_space\"   style=\"height: 62px\"><span class=\"vc_empty_space_inner\"><\/span><\/div><\/div><\/div><\/div><\/div>\n<\/div>","protected":false},"excerpt":{"rendered":"Science and ResearchOverviewDigestive HealthProtein AbsorptionOthers Why Protein Absorption? Protein is often called the building block of life because it is found everywhere in our body, our cells, bones, muscles, blood, hormones. It plays a crucial role in many bodily functions, including mobility, immune, skin health, brain function, and energy production. For protein to work effectively<a class=\"excerpt-read-more\" href=\"https:\/\/bc30probiotic.com\/vn\/research\/protein-absorption\/\" title=\"ReadProtein Absorption\">... Read more &raquo;<\/a>","protected":false},"author":1,"featured_media":0,"parent":124,"menu_order":0,"comment_status":"closed","ping_status":"closed","template":"","meta":{"footnotes":""},"class_list":["post-177","page","type-page","status-publish","hentry"],"yoast_head":"<!-- This site is optimized with the Yoast SEO plugin v27.0 - https:\/\/yoast.com\/product\/yoast-seo-wordpress\/ -->\n<title>Protein Absorption | BC30 Probiotic<\/title>\n<meta name=\"robots\" content=\"index, follow, max-snippet:-1, max-image-preview:large, max-video-preview:-1\" \/>\n<link rel=\"canonical\" href=\"https:\/\/bc30probiotic.com\/vn\/research\/protein-absorption\/\" \/>\n<meta property=\"og:locale\" content=\"vi_VN\" \/>\n<meta property=\"og:type\" content=\"article\" \/>\n<meta property=\"og:title\" content=\"Protein Absorption | BC30 Probiotic\" \/>\n<meta property=\"og:url\" content=\"https:\/\/bc30probiotic.com\/vn\/research\/protein-absorption\/\" \/>\n<meta property=\"og:site_name\" content=\"BC30 Probiotic\" \/>\n<meta property=\"article:modified_time\" content=\"2025-01-17T09:30:23+00:00\" \/>\n<meta name=\"twitter:card\" content=\"summary_large_image\" \/>\n<meta name=\"twitter:label1\" content=\"\u01af\u1edbc t\u00ednh th\u1eddi gian \u0111\u1ecdc\" \/>\n\t<meta name=\"twitter:data1\" content=\"2 ph\u00fat\" \/>\n<script type=\"application\/ld+json\" class=\"yoast-schema-graph\">{\"@context\":\"https:\/\/schema.org\",\"@graph\":[{\"@type\":\"WebPage\",\"@id\":\"https:\/\/bc30probiotic.com\/research\/protein-absorption\/\",\"url\":\"https:\/\/bc30probiotic.com\/research\/protein-absorption\/\",\"name\":\"Protein Absorption | BC30 Probiotic\",\"isPartOf\":{\"@id\":\"https:\/\/bc30probiotic.com\/#website\"},\"datePublished\":\"2024-12-10T15:08:46+00:00\",\"dateModified\":\"2025-01-17T09:30:23+00:00\",\"breadcrumb\":{\"@id\":\"https:\/\/bc30probiotic.com\/research\/protein-absorption\/#breadcrumb\"},\"inLanguage\":\"vi\",\"potentialAction\":[{\"@type\":\"ReadAction\",\"target\":[\"https:\/\/bc30probiotic.com\/research\/protein-absorption\/\"]}]},{\"@type\":\"BreadcrumbList\",\"@id\":\"https:\/\/bc30probiotic.com\/research\/protein-absorption\/#breadcrumb\",\"itemListElement\":[{\"@type\":\"ListItem\",\"position\":1,\"name\":\"Home\",\"item\":\"https:\/\/bc30probiotic.com\/\"},{\"@type\":\"ListItem\",\"position\":2,\"name\":\"Research\",\"item\":\"https:\/\/bc30probiotic.com\/research\/\"},{\"@type\":\"ListItem\",\"position\":3,\"name\":\"Protein Absorption\"}]},{\"@type\":\"WebSite\",\"@id\":\"https:\/\/bc30probiotic.com\/#website\",\"url\":\"https:\/\/bc30probiotic.com\/\",\"name\":\"BC30 Probiotic\",\"description\":\"\",\"potentialAction\":[{\"@type\":\"SearchAction\",\"target\":{\"@type\":\"EntryPoint\",\"urlTemplate\":\"https:\/\/bc30probiotic.com\/?s={search_term_string}\"},\"query-input\":{\"@type\":\"PropertyValueSpecification\",\"valueRequired\":true,\"valueName\":\"search_term_string\"}}],\"inLanguage\":\"vi\"}]}<\/script>\n<!-- \/ Yoast SEO plugin. -->","yoast_head_json":{"title":"Protein Absorption | BC30 Probiotic","robots":{"index":"index","follow":"follow","max-snippet":"max-snippet:-1","max-image-preview":"max-image-preview:large","max-video-preview":"max-video-preview:-1"},"canonical":"https:\/\/bc30probiotic.com\/vn\/research\/protein-absorption\/","og_locale":"vi_VN","og_type":"article","og_title":"Protein Absorption | BC30 Probiotic","og_url":"https:\/\/bc30probiotic.com\/vn\/research\/protein-absorption\/","og_site_name":"BC30 Probiotic","article_modified_time":"2025-01-17T09:30:23+00:00","twitter_card":"summary_large_image","twitter_misc":{"\u01af\u1edbc t\u00ednh th\u1eddi gian \u0111\u1ecdc":"2 ph\u00fat"},"schema":{"@context":"https:\/\/schema.org","@graph":[{"@type":"WebPage","@id":"https:\/\/bc30probiotic.com\/research\/protein-absorption\/","url":"https:\/\/bc30probiotic.com\/research\/protein-absorption\/","name":"Protein Absorption | BC30 Probiotic","isPartOf":{"@id":"https:\/\/bc30probiotic.com\/#website"},"datePublished":"2024-12-10T15:08:46+00:00","dateModified":"2025-01-17T09:30:23+00:00","breadcrumb":{"@id":"https:\/\/bc30probiotic.com\/research\/protein-absorption\/#breadcrumb"},"inLanguage":"vi","potentialAction":[{"@type":"ReadAction","target":["https:\/\/bc30probiotic.com\/research\/protein-absorption\/"]}]},{"@type":"BreadcrumbList","@id":"https:\/\/bc30probiotic.com\/research\/protein-absorption\/#breadcrumb","itemListElement":[{"@type":"ListItem","position":1,"name":"Home","item":"https:\/\/bc30probiotic.com\/"},{"@type":"ListItem","position":2,"name":"Research","item":"https:\/\/bc30probiotic.com\/research\/"},{"@type":"ListItem","position":3,"name":"Protein Absorption"}]},{"@type":"WebSite","@id":"https:\/\/bc30probiotic.com\/#website","url":"https:\/\/bc30probiotic.com\/","name":"BC30 Probiotic","description":"","potentialAction":[{"@type":"SearchAction","target":{"@type":"EntryPoint","urlTemplate":"https:\/\/bc30probiotic.com\/?s={search_term_string}"},"query-input":{"@type":"PropertyValueSpecification","valueRequired":true,"valueName":"search_term_string"}}],"inLanguage":"vi"}]}},"_links":{"self":[{"href":"https:\/\/bc30probiotic.com\/vn\/wp-json\/wp\/v2\/pages\/177","targetHints":{"allow":["GET"]}}],"collection":[{"href":"https:\/\/bc30probiotic.com\/vn\/wp-json\/wp\/v2\/pages"}],"about":[{"href":"https:\/\/bc30probiotic.com\/vn\/wp-json\/wp\/v2\/types\/page"}],"author":[{"embeddable":true,"href":"https:\/\/bc30probiotic.com\/vn\/wp-json\/wp\/v2\/users\/1"}],"replies":[{"embeddable":true,"href":"https:\/\/bc30probiotic.com\/vn\/wp-json\/wp\/v2\/comments?post=177"}],"version-history":[{"count":25,"href":"https:\/\/bc30probiotic.com\/vn\/wp-json\/wp\/v2\/pages\/177\/revisions"}],"predecessor-version":[{"id":372,"href":"https:\/\/bc30probiotic.com\/vn\/wp-json\/wp\/v2\/pages\/177\/revisions\/372"}],"up":[{"embeddable":true,"href":"https:\/\/bc30probiotic.com\/vn\/wp-json\/wp\/v2\/pages\/124"}],"wp:attachment":[{"href":"https:\/\/bc30probiotic.com\/vn\/wp-json\/wp\/v2\/media?parent=177"}],"curies":[{"name":"wp","href":"https:\/\/api.w.org\/{rel}","templated":true}]}}