{"id":34,"date":"2024-04-02T08:35:13","date_gmt":"2024-04-02T08:35:13","guid":{"rendered":"https:\/\/bc30probiotic.com\/?page_id=34"},"modified":"2025-01-17T09:09:44","modified_gmt":"2025-01-17T09:09:44","slug":"what-is-bc30","status":"publish","type":"page","link":"https:\/\/bc30probiotic.com\/vn\/what-is-bc30\/","title":{"rendered":"BC30\u2122 l\u00e0 g\u00ec?"},"content":{"rendered":"<div class=\"wpb-content-wrapper\"><div data-vc-full-width=\"true\" data-vc-full-width-temp=\"true\" data-vc-full-width-init=\"false\" data-vc-stretch-content=\"true\" class=\"vc_row wpb_row vc_row-fluid vc_row-no-padding\"><div class=\"wpb_column vc_column_container vc_col-sm-12\"><div class=\"vc_column-inner\"><div class=\"wpb_wrapper\"><div class=\"main_banner\">\n    <img decoding=\"async\" src=\"\/wp-content\/uploads\/2024\/12\/about-bc30-banner.jpg\" alt=\"\">\n    <div class=\"container\">\n        <div class=\"content\" data-aos=\"fade-right\">\n            <\/p>\n<h1>BC30\u2122 l\u00e0 g\u00ec?<\/h1>\n<p>BC30\u2122 (<em>Bacillus coagulans<\/em> GBI 30, 6086<sup>\u00ae<\/sup>) l\u00e0 m\u1ed9t th\u00e0nh ph\u1ea7n l\u1ee3i khu\u1ea9n cung c\u1ea5p vi khu\u1ea9n c\u00f3 l\u1ee3i, g\u00f3p ph\u1ea7n h\u1ed7 tr\u1ee3 s\u1ee9c kh\u1ecfe ti\u00eau h\u00f3a v\u00e0 qu\u00e1 tr\u00ecnh h\u1ea5p thu protein.\n        <\/div>\n    <\/div>\n<\/div><\/div><\/div><\/div><\/div><div class=\"vc_row-full-width vc_clearfix\"><\/div><div data-vc-full-width=\"true\" data-vc-full-width-temp=\"true\" data-vc-full-width-init=\"false\" data-vc-stretch-content=\"true\" class=\"vc_row wpb_row vc_row-fluid\"><div class=\"wpb_column vc_column_container vc_col-sm-12\"><div class=\"vc_column-inner\"><div class=\"wpb_wrapper\"><div class=\"imgtext_section\">\n    <div class=\"container\">\n        <div class=\"imgtext_section_inner\">\n            <div class=\"image_di\">\n                <img decoding=\"async\" src=\"\/wp-content\/uploads\/2024\/12\/coverImg_ATE-bacillus-1.jpg\" alt=\"\">\n            <\/div>\n            <div class=\"content\">\n               <\/p>\n<h2>BC30\u2122, m\u1ed9t l\u1ee3i khu\u1ea9n m\u1ea1nh m\u1ebd v\u00e0 c\u00f3 kh\u1ea3 n\u0103ng s\u1ed1ng s\u00f3t cao<\/h2>\n<p>Qu\u00e1 tr\u00ecnh ph\u00e1t tri\u1ec3n th\u1ef1c ph\u1ea9m v\u00e0 \u0111\u1ed3 u\u1ed1ng ch\u1ee9c n\u0103ng ch\u1ee9a l\u1ee3i khu\u1ea9n g\u1eb7p nhi\u1ec1u th\u00e1ch th\u1ee9c do \u0111\u1ed9 \u1ed5n \u0111\u1ecbnh th\u1ea5p c\u1ee7a nhi\u1ec1u ch\u1ee7ng l\u1ee3i khu\u1ea9n th\u01b0\u01a1ng m\u1ea1i.<\/p>\n<p>H\u1ea7u h\u1ebft c\u00e1c ch\u1ee7ng n\u00e0y \u1edf d\u1ea1ng sinh d\u01b0\u1ee1ng v\u00e0 c\u1ea7n \u0111\u01b0\u1ee3c b\u1ea3o qu\u1ea3n l\u1ea1nh \u0111\u1ec3 \u0111\u1ea3m b\u1ea3o hi\u1ec7u qu\u1ea3. BC30\u2122 l\u00e0 m\u1ed9t l\u1ee3i khu\u1ea9n d\u1ea1ng b\u00e0o t\u1eed, c\u00f3 ngh\u0129a l\u00e0 n\u00f3 s\u1edf h\u1eefu m\u1ed9t l\u1edbp v\u1ecf b\u1ea3o v\u1ec7, cho ph\u00e9p ch\u00fang t\u1ed3n t\u1ea1i t\u1ed1t h\u01a1n trong m\u00f4i tr\u01b0\u1eddng nhi\u1ec7t \u0111\u1ed9 kh\u1eafc nghi\u1ec7t nh\u01b0 l\u00f2 vi s\u00f3ng v\u00e0 n\u01b0\u1edbc s\u00f4i.<\/p>\n<p>B\u00ean c\u1ea1nh \u0111\u00f3, kh\u1ea3 n\u0103ng s\u1ed1ng s\u00f3t trong m\u00f4i tr\u01b0\u1eddng axit d\u1ea1 d\u00e0y cao cho ph\u00e9p n\u00f3 \u0111\u1ebfn \u0111\u01b0\u1ee3c \u0111\u01b0\u1eddng ru\u1ed9t, n\u01a1i ch\u00fang ph\u00e1t huy t\u00e1c d\u1ee5ng c\u00f3 l\u1ee3i cho s\u1ee9c kh\u1ecfe \u0111\u01b0\u1eddng ru\u1ed9t. Hi\u1ec7u su\u1ea5t c\u1ee7a c\u00e1c ch\u1ee7ng l\u1ee3i khu\u1ea9n c\u00f3 s\u1ef1 kh\u00e1c bi\u1ec7t \u0111\u00e1ng k\u1ec3 v\u1ec1 kh\u1ea3 n\u0103ng s\u1ed1ng s\u00f3t, t\u00ednh linh ho\u1ea1t trong c\u00e1c \u1ee9ng d\u1ee5ng kh\u00e1c nhau v\u00e0 c\u00e1c \u0111\u1eb7c t\u00ednh c\u00f3 l\u1ee3i cho s\u1ee9c kh\u1ecfe. Trong s\u1ed1 \u0111\u00f3, BC30\u2122 n\u1ed5i b\u1eadt l\u00e0 ch\u1ee7ng Bacillus \u0111\u01b0\u1ee3c nghi\u00ean c\u1ee9u s\u00e2u r\u1ed9ng v\u00e0 to\u00e0n di\u1ec7n nh\u1ea5t.\n            <\/div>\n        <\/div>\n    <\/div>\n<\/div><\/div><\/div><\/div><\/div><div class=\"vc_row-full-width vc_clearfix\"><\/div><div data-vc-full-width=\"true\" data-vc-full-width-temp=\"true\" data-vc-full-width-init=\"false\" data-vc-stretch-content=\"true\" class=\"vc_row wpb_row vc_row-fluid\"><div class=\"wpb_column vc_column_container vc_col-sm-12\"><div class=\"vc_column-inner\"><div class=\"wpb_wrapper\"><div class=\"imgtext_section right\">\n    <div class=\"container\">\n        <div class=\"imgtext_section_inner\">\n            <div class=\"image_di\">\n                <img decoding=\"async\" src=\"\/wp-content\/uploads\/2024\/12\/Untitled-8-16.png\" alt=\"\">\n            <\/div>\n            <div class=\"content\">\n               <\/p>\n<h2>\u0110\u01b0\u1ee3c h\u1ed7 tr\u1ee3 khoa h\u1ecdc<\/h2>\n<p>Kh\u00f4ng ph\u1ea3i t\u1ea5t c\u1ea3 c\u00e1c l\u1ee3i khu\u1ea9n \u0111\u1ec1u gi\u1ed1ng nhau. M\u1ed7i ch\u1ee7ng c\u00f3 \u0111\u1eb7c \u0111i\u1ec3m ri\u00eang bi\u1ec7t v\u00e0 mang l\u1ea1i nh\u1eefng l\u1ee3i \u00edch c\u1ee5 th\u1ec3. Do \u0111\u00f3, d\u1eef li\u1ec7u l\u00e2m s\u00e0ng v\u1ec1 an to\u00e0n v\u00e0 hi\u1ec7u qu\u1ea3 c\u1ee7a m\u1ed9t ch\u1ee7ng kh\u00f4ng th\u1ec3 \u0111\u01b0\u1ee3c \u00e1p d\u1ee5ng tr\u1ef1c ti\u1ebfp cho c\u00e1c ch\u1ee7ng kh\u00e1c.<\/p>\n<p>BC30\u2122 l\u00e0 m\u1ed9t l\u1ee3i khu\u1ea9n d\u1ea1ng b\u00e0o t\u1eed an to\u00e0n, \u0111\u01b0\u1ee3c h\u1ed7 tr\u1ee3 b\u1edfi n\u1ec1n t\u1ea3ng khoa h\u1ecdc v\u1eefng ch\u1eafc. T\u00ednh an to\u00e0n, \u1ed5n \u0111\u1ecbnh v\u00e0 kh\u1ea3 n\u0103ng h\u1ed7 tr\u1ee3 s\u1ee9c kh\u1ecfe ti\u00eau h\u00f3a c\u00f9ng v\u1edbi h\u1ea5p thu protein c\u1ee7a BC30 \u0111\u01b0\u1ee3c ch\u1ee9ng minh b\u1edfi h\u01a1n 45 b\u00e0i b\u00e1o nghi\u00ean c\u1ee9u \u0111\u00e3 \u0111\u01b0\u1ee3c c\u00f4ng b\u1ed1.<\/p>\n<p>V\u00ec v\u1eady, \u0111\u1ec3 \u0111\u1ea3m b\u1ea3o s\u1eed d\u1ee5ng s\u1ea3n ph\u1ea9m c\u00f3 b\u1ed5 sung l\u1ee3i khu\u1ea9n (probiotic) \u0111\u00e3 \u0111\u01b0\u1ee3c nghi\u00ean c\u1ee9u v\u00e0 ch\u1ee9ng minh t\u00ednh hi\u1ec7u qu\u1ea3, h\u00e3y ki\u1ec3m tra th\u00e0nh ph\u1ea7n tr\u00ean bao b\u00ec v\u00e0 t\u00ecm ki\u1ebfm logo BC30\u2122 ho\u1eb7c t\u00ean ch\u1ee7ng l\u1ee3i khu\u1ea9n Bacillus coagulans GBI-30 6086 khi l\u1ef1a ch\u1ecdn th\u1ef1c ph\u1ea9m v\u00e0 \u0111\u1ed3 u\u1ed1ng b\u1ed5 sung l\u1ee3i khu\u1ea9n (probiotic).\n            <\/div>\n        <\/div>\n    <\/div>\n<\/div><\/div><\/div><\/div><\/div><div class=\"vc_row-full-width vc_clearfix\"><\/div><div data-vc-full-width=\"true\" data-vc-full-width-temp=\"true\" data-vc-full-width-init=\"false\" data-vc-stretch-content=\"true\" class=\"vc_row wpb_row vc_row-fluid\"><div class=\"wpb_column vc_column_container vc_col-sm-12\"><div class=\"vc_column-inner\"><div class=\"wpb_wrapper\"><div class=\"imgtext_section\">\n    <div class=\"container\">\n        <div class=\"imgtext_section_inner\">\n            <div class=\"image_di\">\n                <img decoding=\"async\" src=\"\/wp-content\/uploads\/2024\/12\/close-up-2.jpg\" alt=\"\">\n            <\/div>\n            <div class=\"content\">\n               <\/p>\n<h2>BC30\u2122 HO\u1ea0T \u0110\u1ed8NG NH\u01af TH\u1ebe N\u00c0O?<\/h2>\n<p>Nghi\u00ean c\u1ee9u cho th\u1ea5y vi\u1ec7c duy tr\u00ec l\u1ed1i s\u1ed1ng l\u00e0nh m\u1ea1nh, k\u1ebft h\u1ee3p v\u1edbi ch\u1ebf \u0111\u1ed9 \u0103n u\u1ed1ng \u0111a d\u1ea1ng v\u00e0 s\u1eed d\u1ee5ng th\u1ef1c ph\u1ea9m b\u1ed5 sung l\u1ee3i khu\u1ea9n (probiotic) c\u00f3 th\u1ec3 g\u00f3p ph\u1ea7n c\u00e2n b\u1eb1ng h\u1ec7 vi sinh v\u1eadt \u0111\u01b0\u1eddng ru\u1ed9t. H\u1ec7 vi sinh \u0111\u01b0\u1eddng ru\u1ed9t bao g\u1ed3m h\u00e0ng ngh\u00ecn t\u1ef7 vi khu\u1ea9n v\u00e0 c\u00e1c vi sinh v\u1eadt kh\u00e1c, \u0111\u00f3ng vai tr\u00f2 quan tr\u1ecdng trong vi\u1ec7c duy tr\u00ec s\u1ee9c kh\u1ecfe t\u1ed5ng th\u1ec3 c\u1ee7a b\u1ea1n. N\u00f3 \u1ea3nh h\u01b0\u1edfng \u0111\u1ebfn nhi\u1ec1u kh\u00eda c\u1ea1nh s\u1ee9c kh\u1ecfe, bao g\u1ed3m kh\u1ea3 n\u0103ng ti\u00eau h\u00f3a v\u00e0 h\u1ea5p th\u1ee5 c\u00e1c ch\u1ea5t dinh d\u01b0\u1ee1ng nh\u01b0 protein.<\/p>\n<p>Tuy nhi\u00ean, c\u00e1c y\u1ebfu t\u1ed1 t\u00e1c \u0111\u1ed9ng h\u00e0ng ng\u00e0y nh\u01b0 s\u1eed d\u1ee5ng kh\u00e1ng sinh, d\u00f9ng thu\u1ed1c, s\u1ef1 thay \u0111\u1ed5i n\u1ed9i ti\u1ebft t\u1ed1, ch\u1ebf \u0111\u1ed9 \u0103n u\u1ed1ng kh\u00f4ng l\u00e0nh m\u1ea1nh, b\u1ec7nh t\u1eadt, qu\u00e1 tr\u00ecnh l\u00e3o h\u00f3a v\u00e0 vi\u1ec7c \u0111i du l\u1ecbch c\u00f3 th\u1ec3 g\u00e2y m\u1ea5t c\u00e2n b\u1eb1ng h\u1ec7 vi sinh v\u1eadt \u0111\u01b0\u1eddng ru\u1ed9t, \u1ea3nh h\u01b0\u1edfng ti\u00eau c\u1ef1c \u0111\u1ebfn s\u1ee9c kh\u1ecfe v\u00e0 tinh th\u1ea7n.<\/p>\n<p>V\u1edbi vai tr\u00f2 l\u00e0 m\u1ed9t l\u1ee3i khu\u1ea9n, BC30\u2122 h\u1ed7 tr\u1ee3 \u0111i\u1ec1u h\u00f2a h\u1ec7 vi sinh \u0111\u01b0\u1eddng ru\u1ed9t, gi\u00fap duy tr\u00ec c\u00e2n b\u1eb1ng vi khu\u1ea9n v\u00e0 h\u1ed7 tr\u1ee3 t\u1ed1i \u01b0u ho\u1ea1t \u0111\u1ed9ng c\u1ee7a c\u00e1c ch\u1ee9c n\u0103ng c\u01a1 th\u1ec3.\n            <\/div>\n        <\/div>\n    <\/div>\n<\/div><\/div><\/div><\/div><\/div><div class=\"vc_row-full-width vc_clearfix\"><\/div><div data-vc-full-width=\"true\" data-vc-full-width-temp=\"true\" data-vc-full-width-init=\"false\" data-vc-stretch-content=\"true\" class=\"vc_row wpb_row vc_row-fluid\"><div class=\"wpb_column vc_column_container vc_col-sm-12\"><div class=\"vc_column-inner vc_custom_1736257830526\"><div class=\"wpb_wrapper\"><div style=\"padding-top:0px;padding-bottom:0px;background-color:#E5F4FB\" class=\"left contactus_\"><div class=\"container large_container\">\n                <figure class=\"none\">\n                    <img decoding=\"async\" src=\"\/wp-content\/uploads\/2025\/01\/girl-no-bg.png\" alt=\"\">\n                <\/figure>\n                <div class=\"content\"><\/p>\n<h2>Li\u00ean h\u1ec7 v\u1edbi ch\u00fang t\u00f4i<\/h2>\n<p>Li\u00ean h\u1ec7 v\u1edbi ch\u00fang t\u00f4i n\u1ebfu b\u1ea1n c\u1ea7n th\u00eam th\u00f4ng tin<\/p>\n<p><a href=\"https:\/\/www.kerry.com\/contact-us\" target=\"_blank\" rel=\"noopener\">Li\u00ean h\u1ec7 v\u1edbi ch\u00fang t\u00f4i<\/a><\/div>\n            <\/div><\/div><\/div><\/div><\/div><\/div><div class=\"vc_row-full-width vc_clearfix\"><\/div>\n<\/div>","protected":false},"excerpt":{"rendered":"What is BC30\u2122 BC30\u2122 (Bacillus coagulans GBI 30, 6086\u00ae) is a probiotic ingredient that delivers beneficial bacteria, supporting digestive health and protein absorption. BC30\u2122, a powerful and resilient probiotic Formulating probiotic foods and beverages can be challenging, as many strains on the market are vegetative and require refrigeration due to their fragility. BC30\u2122 is a<a class=\"excerpt-read-more\" href=\"https:\/\/bc30probiotic.com\/vn\/what-is-bc30\/\" title=\"ReadWhat is BC30?\">... Read more &raquo;<\/a>","protected":false},"author":1,"featured_media":0,"parent":0,"menu_order":0,"comment_status":"closed","ping_status":"closed","template":"","meta":{"footnotes":""},"class_list":["post-34","page","type-page","status-publish","hentry"],"yoast_head":"<!-- This site is optimized with the Yoast SEO plugin v27.0 - https:\/\/yoast.com\/product\/yoast-seo-wordpress\/ -->\n<title>What is BC30? | BC30 Probiotic<\/title>\n<meta name=\"robots\" content=\"index, follow, max-snippet:-1, max-image-preview:large, max-video-preview:-1\" \/>\n<link rel=\"canonical\" href=\"https:\/\/bc30probiotic.com\/vn\/what-is-bc30\/\" \/>\n<meta property=\"og:locale\" content=\"vi_VN\" \/>\n<meta property=\"og:type\" content=\"article\" \/>\n<meta property=\"og:title\" content=\"What is BC30? | BC30 Probiotic\" \/>\n<meta property=\"og:url\" content=\"https:\/\/bc30probiotic.com\/vn\/what-is-bc30\/\" \/>\n<meta property=\"og:site_name\" content=\"BC30 Probiotic\" \/>\n<meta property=\"article:modified_time\" content=\"2025-01-17T09:09:44+00:00\" \/>\n<meta name=\"twitter:card\" content=\"summary_large_image\" \/>\n<meta name=\"twitter:label1\" content=\"\u01af\u1edbc t\u00ednh th\u1eddi gian \u0111\u1ecdc\" \/>\n\t<meta name=\"twitter:data1\" content=\"3 ph\u00fat\" \/>\n<script type=\"application\/ld+json\" class=\"yoast-schema-graph\">{\"@context\":\"https:\/\/schema.org\",\"@graph\":[{\"@type\":\"WebPage\",\"@id\":\"https:\/\/bc30probiotic.com\/what-is-bc30\/\",\"url\":\"https:\/\/bc30probiotic.com\/what-is-bc30\/\",\"name\":\"What is BC30? | BC30 Probiotic\",\"isPartOf\":{\"@id\":\"https:\/\/bc30probiotic.com\/#website\"},\"datePublished\":\"2024-04-02T08:35:13+00:00\",\"dateModified\":\"2025-01-17T09:09:44+00:00\",\"breadcrumb\":{\"@id\":\"https:\/\/bc30probiotic.com\/what-is-bc30\/#breadcrumb\"},\"inLanguage\":\"vi\",\"potentialAction\":[{\"@type\":\"ReadAction\",\"target\":[\"https:\/\/bc30probiotic.com\/what-is-bc30\/\"]}]},{\"@type\":\"BreadcrumbList\",\"@id\":\"https:\/\/bc30probiotic.com\/what-is-bc30\/#breadcrumb\",\"itemListElement\":[{\"@type\":\"ListItem\",\"position\":1,\"name\":\"Home\",\"item\":\"https:\/\/bc30probiotic.com\/\"},{\"@type\":\"ListItem\",\"position\":2,\"name\":\"What is BC30?\"}]},{\"@type\":\"WebSite\",\"@id\":\"https:\/\/bc30probiotic.com\/#website\",\"url\":\"https:\/\/bc30probiotic.com\/\",\"name\":\"BC30 Probiotic\",\"description\":\"\",\"potentialAction\":[{\"@type\":\"SearchAction\",\"target\":{\"@type\":\"EntryPoint\",\"urlTemplate\":\"https:\/\/bc30probiotic.com\/?s={search_term_string}\"},\"query-input\":{\"@type\":\"PropertyValueSpecification\",\"valueRequired\":true,\"valueName\":\"search_term_string\"}}],\"inLanguage\":\"vi\"}]}<\/script>\n<!-- \/ Yoast SEO plugin. -->","yoast_head_json":{"title":"What is BC30? | BC30 Probiotic","robots":{"index":"index","follow":"follow","max-snippet":"max-snippet:-1","max-image-preview":"max-image-preview:large","max-video-preview":"max-video-preview:-1"},"canonical":"https:\/\/bc30probiotic.com\/vn\/what-is-bc30\/","og_locale":"vi_VN","og_type":"article","og_title":"What is BC30? | BC30 Probiotic","og_url":"https:\/\/bc30probiotic.com\/vn\/what-is-bc30\/","og_site_name":"BC30 Probiotic","article_modified_time":"2025-01-17T09:09:44+00:00","twitter_card":"summary_large_image","twitter_misc":{"\u01af\u1edbc t\u00ednh th\u1eddi gian \u0111\u1ecdc":"3 ph\u00fat"},"schema":{"@context":"https:\/\/schema.org","@graph":[{"@type":"WebPage","@id":"https:\/\/bc30probiotic.com\/what-is-bc30\/","url":"https:\/\/bc30probiotic.com\/what-is-bc30\/","name":"What is BC30? | BC30 Probiotic","isPartOf":{"@id":"https:\/\/bc30probiotic.com\/#website"},"datePublished":"2024-04-02T08:35:13+00:00","dateModified":"2025-01-17T09:09:44+00:00","breadcrumb":{"@id":"https:\/\/bc30probiotic.com\/what-is-bc30\/#breadcrumb"},"inLanguage":"vi","potentialAction":[{"@type":"ReadAction","target":["https:\/\/bc30probiotic.com\/what-is-bc30\/"]}]},{"@type":"BreadcrumbList","@id":"https:\/\/bc30probiotic.com\/what-is-bc30\/#breadcrumb","itemListElement":[{"@type":"ListItem","position":1,"name":"Home","item":"https:\/\/bc30probiotic.com\/"},{"@type":"ListItem","position":2,"name":"What is BC30?"}]},{"@type":"WebSite","@id":"https:\/\/bc30probiotic.com\/#website","url":"https:\/\/bc30probiotic.com\/","name":"BC30 Probiotic","description":"","potentialAction":[{"@type":"SearchAction","target":{"@type":"EntryPoint","urlTemplate":"https:\/\/bc30probiotic.com\/?s={search_term_string}"},"query-input":{"@type":"PropertyValueSpecification","valueRequired":true,"valueName":"search_term_string"}}],"inLanguage":"vi"}]}},"_links":{"self":[{"href":"https:\/\/bc30probiotic.com\/vn\/wp-json\/wp\/v2\/pages\/34","targetHints":{"allow":["GET"]}}],"collection":[{"href":"https:\/\/bc30probiotic.com\/vn\/wp-json\/wp\/v2\/pages"}],"about":[{"href":"https:\/\/bc30probiotic.com\/vn\/wp-json\/wp\/v2\/types\/page"}],"author":[{"embeddable":true,"href":"https:\/\/bc30probiotic.com\/vn\/wp-json\/wp\/v2\/users\/1"}],"replies":[{"embeddable":true,"href":"https:\/\/bc30probiotic.com\/vn\/wp-json\/wp\/v2\/comments?post=34"}],"version-history":[{"count":30,"href":"https:\/\/bc30probiotic.com\/vn\/wp-json\/wp\/v2\/pages\/34\/revisions"}],"predecessor-version":[{"id":368,"href":"https:\/\/bc30probiotic.com\/vn\/wp-json\/wp\/v2\/pages\/34\/revisions\/368"}],"wp:attachment":[{"href":"https:\/\/bc30probiotic.com\/vn\/wp-json\/wp\/v2\/media?parent=34"}],"curies":[{"name":"wp","href":"https:\/\/api.w.org\/{rel}","templated":true}]}}