{"id":49,"date":"2024-04-02T09:15:38","date_gmt":"2024-04-02T09:15:38","guid":{"rendered":"https:\/\/bc30probiotic.com\/?page_id=49"},"modified":"2025-01-17T09:12:18","modified_gmt":"2025-01-17T09:12:18","slug":"how-to-find-bc30","status":"publish","type":"page","link":"https:\/\/bc30probiotic.com\/vn\/how-to-find-bc30\/","title":{"rendered":"How to find BC30?"},"content":{"rendered":"<div class=\"wpb-content-wrapper\"><div data-vc-full-width=\"true\" data-vc-full-width-temp=\"true\" data-vc-full-width-init=\"false\" data-vc-stretch-content=\"true\" class=\"vc_row wpb_row vc_row-fluid vc_row-no-padding\"><div class=\"wpb_column vc_column_container vc_col-sm-12\"><div class=\"vc_column-inner\"><div class=\"wpb_wrapper\"><div class=\"main_banner\">\n    <img decoding=\"async\" src=\"\/wp-content\/uploads\/2024\/12\/where-to-find-banner.jpg\" alt=\"\">\n    <div class=\"container\">\n        <div class=\"content\" data-aos=\"fade-right\">\n            <\/p>\n<h1 class=\"translation-block\">C\u00f3 th\u1ec3 t\u00ecm th\u1ea5y BC30<sup><small>TM<\/small><\/sup> \u1edf \u0111\u00e2u?<\/h1>\n<p class=\"translation-block\">BC30<sup>TM<\/sup> c\u00f3 m\u1eb7t trong h\u01a1n 1.000 s\u1ea3n ph\u1ea9m th\u1ef1c ph\u1ea9m v\u00e0 \u0111\u1ed3 u\u1ed1ng ch\u1ee9c n\u0103ng tr\u00ean to\u00e0n th\u1ebf gi\u1edbi, \u0111\u00e1p \u1ee9ng nhu c\u1ea7u \u0111a d\u1ea1ng v\u1ec1 dinh d\u01b0\u1ee1ng v\u00e0 s\u1ee9c kh\u1ecfe c\u1ee7a ng\u01b0\u1eddi ti\u00eau d\u00f9ng<\/div>\n    <\/div>\n<\/div><\/div><\/div><\/div><\/div><div class=\"vc_row-full-width vc_clearfix\"><\/div><div data-vc-full-width=\"true\" data-vc-full-width-temp=\"true\" data-vc-full-width-init=\"false\" data-vc-stretch-content=\"true\" class=\"vc_row wpb_row vc_row-fluid\"><div class=\"wpb_column vc_column_container vc_col-sm-12\"><div class=\"vc_column-inner\"><div class=\"wpb_wrapper\"><div class=\"imgtext_section right\">\n    <div class=\"container\">\n        <div class=\"imgtext_section_inner\">\n            <div class=\"image_di\">\n                <img decoding=\"async\" src=\"\/wp-content\/uploads\/2024\/04\/tea-cups.webp\" alt=\"\">\n            <\/div>\n            <div class=\"content\">\n               <\/p>\n<h2>Th\u01b0\u01a1ng hi\u1ec7u \u0111\u1ea1t gi\u1ea3i th\u01b0\u1edfng, \u0111\u01b0\u1ee3c ng\u01b0\u1eddi ti\u00eau d\u00f9ng tin t\u01b0\u1edfng v\u00e0 c\u00f4ng nh\u1eadn<\/h2>\n<p>T\u00ecm ki\u1ebfm s\u1ea3n ph\u1ea9m c\u00f3 hi\u1ec3n th\u1ecb t\u00ean ho\u1eb7c logo BC30\u2122, ho\u1eb7c c\u00e1c t\u1eeb kh\u00f3a Bacillus coagulans GBI-30, 6086 tr\u00ean nh\u00e3n th\u00e0nh ph\u1ea7n. <i>Bacillus coagulans <\/i>GBI-30, 6086<\/p>\n<p>\u1ee8ng d\u1ee5ng \u0111a d\u1ea1ng bao g\u1ed3m: \u0111\u1ed3 u\u1ed1ng n\u00f3ng v\u00e0 l\u1ea1nh nh\u01b0 c\u00e0 ph\u00ea, tr\u00e0, s\u1eefa chua, kem, n\u01b0\u1edbc \u00e9p tr\u00e1i c\u00e2y, sinh t\u1ed1, \u0111\u1ed3 u\u1ed1ng th\u1ec3 thao v\u00e0 dinh d\u01b0\u1ee1ng, c\u0169ng nh\u01b0 c\u00e1c lo\u1ea1i granola, b\u00e1nh snack v\u00e0 thanh dinh d\u01b0\u1ee1ng th\u1ec3 thao.<\/p>\n<p>Li\u00ean h\u1ec7 v\u1edbi ch\u00fang t\u00f4i \u0111\u1ec3 t\u00ecm hi\u1ec3u th\u00eam v\u1ec1 c\u00e1c s\u1ea3n ph\u1ea9m kh\u00e1c ch\u1ee9a BC30\u2122.\n            <\/div>\n        <\/div>\n    <\/div>\n<\/div><\/div><\/div><\/div><\/div><div class=\"vc_row-full-width vc_clearfix\"><\/div><div data-vc-full-width=\"true\" data-vc-full-width-temp=\"true\" data-vc-full-width-init=\"false\" data-vc-stretch-content=\"true\" class=\"vc_row wpb_row vc_row-fluid\"><div class=\"wpb_column vc_column_container vc_col-sm-12\"><div class=\"vc_column-inner vc_custom_1736257830526\"><div class=\"wpb_wrapper\"><div style=\"padding-top:0px;padding-bottom:0px;background-color:#E5F4FB\" class=\"left contactus_\"><div class=\"container large_container\">\n                <figure class=\"none\">\n                    <img decoding=\"async\" src=\"\/wp-content\/uploads\/2025\/01\/girl-no-bg.png\" alt=\"\">\n                <\/figure>\n                <div class=\"content\"><\/p>\n<h2>Li\u00ean h\u1ec7 v\u1edbi ch\u00fang t\u00f4i<\/h2>\n<p>Li\u00ean h\u1ec7 v\u1edbi ch\u00fang t\u00f4i n\u1ebfu b\u1ea1n c\u1ea7n th\u00eam th\u00f4ng tin<\/p>\n<p><a href=\"https:\/\/www.kerry.com\/contact-us\" target=\"_blank\" rel=\"noopener\">Li\u00ean h\u1ec7 v\u1edbi ch\u00fang t\u00f4i<\/a><\/div>\n            <\/div><\/div><\/div><\/div><\/div><\/div><div class=\"vc_row-full-width vc_clearfix\"><\/div>\n<\/div>","protected":false},"excerpt":{"rendered":"Where to Find BC30TM BC30TM is available in more than 1,000 products worldwide, in a wide variety of functional foods, beverages and pet food products. An Award-winning Brand that Consumers Recognize and Trust Look for products displaying the BC30\u2122 name or logo, or the words Bacillus coagulans GBI-30, 6086 or Bacillus coagulans GBI-30, 6086 Applications<a class=\"excerpt-read-more\" href=\"https:\/\/bc30probiotic.com\/vn\/how-to-find-bc30\/\" title=\"ReadHow to find BC30?\">... Read more &raquo;<\/a>","protected":false},"author":1,"featured_media":0,"parent":0,"menu_order":0,"comment_status":"closed","ping_status":"closed","template":"","meta":{"footnotes":""},"class_list":["post-49","page","type-page","status-publish","hentry"],"yoast_head":"<!-- This site is optimized with the Yoast SEO plugin v27.0 - https:\/\/yoast.com\/product\/yoast-seo-wordpress\/ -->\n<title>How to find BC30? | BC30 Probiotic<\/title>\n<meta name=\"robots\" content=\"index, follow, max-snippet:-1, max-image-preview:large, max-video-preview:-1\" \/>\n<link rel=\"canonical\" href=\"https:\/\/bc30probiotic.com\/vn\/how-to-find-bc30\/\" \/>\n<meta property=\"og:locale\" content=\"vi_VN\" \/>\n<meta property=\"og:type\" content=\"article\" \/>\n<meta property=\"og:title\" content=\"How to find BC30? | BC30 Probiotic\" \/>\n<meta property=\"og:url\" content=\"https:\/\/bc30probiotic.com\/vn\/how-to-find-bc30\/\" \/>\n<meta property=\"og:site_name\" content=\"BC30 Probiotic\" \/>\n<meta property=\"article:modified_time\" content=\"2025-01-17T09:12:18+00:00\" \/>\n<meta name=\"twitter:card\" content=\"summary_large_image\" \/>\n<meta name=\"twitter:label1\" content=\"\u01af\u1edbc t\u00ednh th\u1eddi gian \u0111\u1ecdc\" \/>\n\t<meta name=\"twitter:data1\" content=\"2 ph\u00fat\" \/>\n<script type=\"application\/ld+json\" class=\"yoast-schema-graph\">{\"@context\":\"https:\/\/schema.org\",\"@graph\":[{\"@type\":\"WebPage\",\"@id\":\"https:\/\/bc30probiotic.com\/how-to-find-bc30\/\",\"url\":\"https:\/\/bc30probiotic.com\/how-to-find-bc30\/\",\"name\":\"How to find BC30? | BC30 Probiotic\",\"isPartOf\":{\"@id\":\"https:\/\/bc30probiotic.com\/#website\"},\"datePublished\":\"2024-04-02T09:15:38+00:00\",\"dateModified\":\"2025-01-17T09:12:18+00:00\",\"breadcrumb\":{\"@id\":\"https:\/\/bc30probiotic.com\/how-to-find-bc30\/#breadcrumb\"},\"inLanguage\":\"vi\",\"potentialAction\":[{\"@type\":\"ReadAction\",\"target\":[\"https:\/\/bc30probiotic.com\/how-to-find-bc30\/\"]}]},{\"@type\":\"BreadcrumbList\",\"@id\":\"https:\/\/bc30probiotic.com\/how-to-find-bc30\/#breadcrumb\",\"itemListElement\":[{\"@type\":\"ListItem\",\"position\":1,\"name\":\"Home\",\"item\":\"https:\/\/bc30probiotic.com\/\"},{\"@type\":\"ListItem\",\"position\":2,\"name\":\"How to find BC30?\"}]},{\"@type\":\"WebSite\",\"@id\":\"https:\/\/bc30probiotic.com\/#website\",\"url\":\"https:\/\/bc30probiotic.com\/\",\"name\":\"BC30 Probiotic\",\"description\":\"\",\"potentialAction\":[{\"@type\":\"SearchAction\",\"target\":{\"@type\":\"EntryPoint\",\"urlTemplate\":\"https:\/\/bc30probiotic.com\/?s={search_term_string}\"},\"query-input\":{\"@type\":\"PropertyValueSpecification\",\"valueRequired\":true,\"valueName\":\"search_term_string\"}}],\"inLanguage\":\"vi\"}]}<\/script>\n<!-- \/ Yoast SEO plugin. -->","yoast_head_json":{"title":"How to find BC30? | BC30 Probiotic","robots":{"index":"index","follow":"follow","max-snippet":"max-snippet:-1","max-image-preview":"max-image-preview:large","max-video-preview":"max-video-preview:-1"},"canonical":"https:\/\/bc30probiotic.com\/vn\/how-to-find-bc30\/","og_locale":"vi_VN","og_type":"article","og_title":"How to find BC30? | BC30 Probiotic","og_url":"https:\/\/bc30probiotic.com\/vn\/how-to-find-bc30\/","og_site_name":"BC30 Probiotic","article_modified_time":"2025-01-17T09:12:18+00:00","twitter_card":"summary_large_image","twitter_misc":{"\u01af\u1edbc t\u00ednh th\u1eddi gian \u0111\u1ecdc":"2 ph\u00fat"},"schema":{"@context":"https:\/\/schema.org","@graph":[{"@type":"WebPage","@id":"https:\/\/bc30probiotic.com\/how-to-find-bc30\/","url":"https:\/\/bc30probiotic.com\/how-to-find-bc30\/","name":"How to find BC30? | BC30 Probiotic","isPartOf":{"@id":"https:\/\/bc30probiotic.com\/#website"},"datePublished":"2024-04-02T09:15:38+00:00","dateModified":"2025-01-17T09:12:18+00:00","breadcrumb":{"@id":"https:\/\/bc30probiotic.com\/how-to-find-bc30\/#breadcrumb"},"inLanguage":"vi","potentialAction":[{"@type":"ReadAction","target":["https:\/\/bc30probiotic.com\/how-to-find-bc30\/"]}]},{"@type":"BreadcrumbList","@id":"https:\/\/bc30probiotic.com\/how-to-find-bc30\/#breadcrumb","itemListElement":[{"@type":"ListItem","position":1,"name":"Home","item":"https:\/\/bc30probiotic.com\/"},{"@type":"ListItem","position":2,"name":"How to find BC30?"}]},{"@type":"WebSite","@id":"https:\/\/bc30probiotic.com\/#website","url":"https:\/\/bc30probiotic.com\/","name":"BC30 Probiotic","description":"","potentialAction":[{"@type":"SearchAction","target":{"@type":"EntryPoint","urlTemplate":"https:\/\/bc30probiotic.com\/?s={search_term_string}"},"query-input":{"@type":"PropertyValueSpecification","valueRequired":true,"valueName":"search_term_string"}}],"inLanguage":"vi"}]}},"_links":{"self":[{"href":"https:\/\/bc30probiotic.com\/vn\/wp-json\/wp\/v2\/pages\/49","targetHints":{"allow":["GET"]}}],"collection":[{"href":"https:\/\/bc30probiotic.com\/vn\/wp-json\/wp\/v2\/pages"}],"about":[{"href":"https:\/\/bc30probiotic.com\/vn\/wp-json\/wp\/v2\/types\/page"}],"author":[{"embeddable":true,"href":"https:\/\/bc30probiotic.com\/vn\/wp-json\/wp\/v2\/users\/1"}],"replies":[{"embeddable":true,"href":"https:\/\/bc30probiotic.com\/vn\/wp-json\/wp\/v2\/comments?post=49"}],"version-history":[{"count":18,"href":"https:\/\/bc30probiotic.com\/vn\/wp-json\/wp\/v2\/pages\/49\/revisions"}],"predecessor-version":[{"id":369,"href":"https:\/\/bc30probiotic.com\/vn\/wp-json\/wp\/v2\/pages\/49\/revisions\/369"}],"wp:attachment":[{"href":"https:\/\/bc30probiotic.com\/vn\/wp-json\/wp\/v2\/media?parent=49"}],"curies":[{"name":"wp","href":"https:\/\/api.w.org\/{rel}","templated":true}]}}