{"id":6,"date":"2024-04-01T12:01:27","date_gmt":"2024-04-01T12:01:27","guid":{"rendered":"https:\/\/bc30probiotic.com\/?page_id=6"},"modified":"2025-01-17T08:56:44","modified_gmt":"2025-01-17T08:56:44","slug":"home","status":"publish","type":"page","link":"https:\/\/bc30probiotic.com\/vn\/","title":{"rendered":"Home"},"content":{"rendered":"<div class=\"wpb-content-wrapper\"><div data-vc-full-width=\"true\" data-vc-full-width-temp=\"true\" data-vc-full-width-init=\"false\" data-vc-stretch-content=\"true\" class=\"vc_row wpb_row vc_row-fluid vc_row-no-padding\"><div class=\"wpb_column vc_column_container vc_col-sm-12\"><div class=\"vc_column-inner\"><div class=\"wpb_wrapper\"><div class=\"main_banner\">\n    <img decoding=\"async\" src=\"\/wp-content\/uploads\/2024\/12\/banner-2.jpg\" alt=\"\">\n    <div class=\"container\">\n        <div class=\"content\" data-aos=\"fade-right\">\n            <\/p>\n<h1>BC30<sup><small>TM<\/small><\/sup><\/h1>\n<p>BC30\u2122 (<i>Bacillus coagulans <\/i>GBI-30, 6086<sup>\u00ae<\/sup>) l\u00e0 m\u1ed9t th\u00e0nh ph\u1ea7n l\u1ee3i khu\u1ea9n cung c\u1ea5p vi khu\u1ea9n c\u00f3 l\u1ee3i, g\u00f3p ph\u1ea7n h\u1ed7 tr\u1ee3 s\u1ee9c kh\u1ecfe ti\u00eau h\u00f3a v\u00e0 qu\u00e1 tr\u00ecnh h\u1ea5p thu protein.\n        <\/div>\n    <\/div>\n<\/div><\/div><\/div><\/div><\/div><div class=\"vc_row-full-width vc_clearfix\"><\/div><div data-vc-full-width=\"true\" data-vc-full-width-temp=\"true\" data-vc-full-width-init=\"false\" data-vc-stretch-content=\"true\" class=\"vc_row wpb_row vc_row-fluid\"><div class=\"wpb_column vc_column_container vc_col-sm-12\"><div class=\"vc_column-inner\"><div class=\"wpb_wrapper\"><div class=\"cards\">\n    <div class=\"heaidng_dd\" data-aos=\"fade-up\">\n        <div class=\"container\">\n            <h2 class=\"\">\n                Kh\u00e1m ph\u00e1 th\u00eam v\u1ec1 BC30\u2122\n            <\/h2>\n            <p>\n                L\u1ee3i Khu\u1ea9n An to\u00e0n, T\u1ef1 nhi\u00ean, \u1ed4n \u0111\u1ecbnh, v\u00e0 \u0111\u01b0\u1ee3c \u1ee9ng d\u1ee5ng trong l\u0129nh v\u1ef1c Th\u1ef1c Ph\u1ea9m v\u00e0 \u0110\u1ed3 U\u1ed1ng.\n            <\/p>\n        <\/div>\n    <\/div><div class=\"container\">\n   <div class=\"cardslist\"><div class=\"carditem\" data-aos=\"fade-up\">\n         <div class=\"cardinner\">\n             <figure>\n                 <img decoding=\"async\" src=\"\/wp-content\/uploads\/2024\/12\/coverImg_ATE-bacillus-1.jpg\" alt=\"\">\n             <\/figure>\n             <div class=\"content\">\n                 <h3>\n                     BC30\u2122 l\u00e0 g\u00ec?\n                 <\/h3>\n                 <p class=\"translation-block\">BC30\u2122 (Bacillus coagulans GBI-30, 6086) l\u00e0 m\u1ed9t th\u00e0nh ph\u1ea7n l\u1ee3i khu\u1ea9n t\u1ef1 nhi\u00ean, c\u00f3 kh\u1ea3 n\u0103ng s\u1ed1ng s\u00f3t cao, \u0111\u01b0\u1ee3c \u1ee9ng d\u1ee5ng \u0111\u1ec3 ph\u00e1t tri\u1ec3n \u0111a d\u1ea1ng c\u00e1c s\u1ea3n ph\u1ea9m th\u1ef1c ph\u1ea9m v\u00e0 \u0111\u1ed3 u\u1ed1ng b\u1ed5 sung ho\u1eb7c t\u0103ng c\u01b0\u1eddng l\u1ee3i khu\u1ea9n.<\/p>\n                \n                 <a href=\"\/vn\/what-is-bc30\/\" class=\"btn\">T\u00ecm hi\u1ec3u th\u00eam<\/a>\n             <\/div>\n         <\/div>\n     <\/div><div class=\"carditem\" data-aos=\"fade-up\">\n         <div class=\"cardinner\">\n             <figure>\n                 <img decoding=\"async\" src=\"\/wp-content\/uploads\/2024\/12\/Untitled-9-5.png\" alt=\"\">\n             <\/figure>\n             <div class=\"content\">\n                 <h3>\n                     C\u00f3 th\u1ec3 t\u00ecm th\u1ea5y BC30\u2122 \u1edf \u0111\u00e2u?\n                 <\/h3>\n                 <p>BC30\u2122 hi\u1ec7n di\u1ec7n trong h\u01a1n 1.000 s\u1ea3n ph\u1ea9m th\u1ef1c ph\u1ea9m ch\u1ee9c n\u0103ng v\u00e0 \u0111\u1ed3 u\u1ed1ng tr\u00ean to\u00e0n c\u1ea7u, mang \u0111\u1ebfn l\u1ef1a ch\u1ecdn \u0111a d\u1ea1ng cho ng\u01b0\u1eddi ti\u00eau d\u00f9ng<\/p>\n                \n                 <a href=\"\/vn\/how-to-find-bc30\/\" class=\"btn\">T\u00ecm hi\u1ec3u th\u00eam<\/a>\n             <\/div>\n         <\/div>\n     <\/div><div class=\"carditem\" data-aos=\"fade-up\">\n         <div class=\"cardinner\">\n             <figure>\n                 <img decoding=\"async\" src=\"\/wp-content\/uploads\/2024\/04\/card-3-bc.webp\" alt=\"\">\n             <\/figure>\n             <div class=\"content\">\n                 <h3>\n                     Khoa h\u1ecdc v\u00e0 nghi\u00ean c\u1ee9u\n                 <\/h3>\n                 <p class=\"translation-block\">BC30\u2122 (Bacillus coagulans GBI-30, 6086) l\u00e0 m\u1ed9t l\u1ee3i khu\u1ea9n d\u1ea1ng b\u00e0o t\u1eed \u0111\u00e3 \u0111\u01b0\u1ee3c nghi\u00ean c\u1ee9u r\u1ed9ng r\u00e3i v\u00e0 an to\u00e0n, c\u00f3 c\u01a1 s\u1edf khoa h\u1ecdc v\u1eefng ch\u1eafc t\u1eeb h\u00e0ng ch\u1ee5c c\u00f4ng tr\u00ecnh nghi\u00ean c\u1ee9u l\u00e2m s\u00e0ng, ti\u1ec1n l\u00e2m s\u00e0ng v\u00e0 d\u1ea5u \u1ea5n sinh h\u1ecdc, ch\u1ee9ng minh hi\u1ec7u qu\u1ea3 trong vi\u1ec7c h\u1ed7 tr\u1ee3 s\u1ee9c kh\u1ecfe ti\u00eau h\u00f3a, h\u1ea5p thu protein v\u00e0 t\u0103ng c\u01b0\u1eddng h\u1ec7 mi\u1ec5n d\u1ecbch \u1edf m\u1ecdi \u0111\u1ed9 tu\u1ed5i v\u00e0 l\u1ed1i s\u1ed1ng.<\/p>\n                \n                 <a href=\"\/vn\/research\/\" class=\"btn\">T\u00ecm hi\u1ec3u th\u00eam<\/a>\n             <\/div>\n         <\/div>\n     <\/div><\/div><\/div><\/div><\/div><\/div><\/div><\/div><div class=\"vc_row-full-width vc_clearfix\"><\/div><div data-vc-full-width=\"true\" data-vc-full-width-temp=\"true\" data-vc-full-width-init=\"false\" data-vc-stretch-content=\"true\" class=\"vc_row wpb_row vc_row-fluid\"><div class=\"wpb_column vc_column_container vc_col-sm-12\"><div class=\"vc_column-inner\"><div class=\"wpb_wrapper\"><div class=\"icon_cards\">\n    <div class=\"heaidng_dd\" data-aos=\"fade-up\">\n        <div class=\"container\">\n            <h2>\n                BC30\u2122, l\u1ee3i khu\u1ea9n t\u1ed1i \u01b0u cho th\u1ef1c ph\u1ea9m v\u00e0 \u0111\u1ed3 u\u1ed1ng ch\u1ee9c n\u0103ng\n            <\/h2>\n            <p class=\"translation-block\">BC30\u2122 (Bacillus coagulans GBI-30, 6086<sup>\u00ae<\/sup>) l\u00e0 m\u1ed9t l\u1ee3i khu\u1ea9n t\u1ef1 nhi\u00ean \u0111\u01b0\u1ee3c \u1ee9ng d\u1ee5ng \u0111\u1ec3 ph\u00e1t tri\u1ec3n c\u00e1c s\u1ea3n ph\u1ea9m th\u1ef1c ph\u1ea9m v\u00e0 \u0111\u1ed3 u\u1ed1ng ch\u1ee9c n\u0103ng. V\u1edbi cam k\u1ebft mang \u0111\u1ebfn m\u1ed9t gi\u1ea3i ph\u00e1p l\u1ee3i khu\u1ea9n an to\u00e0n cho ng\u01b0\u1eddi ti\u00eau d\u00f9ng, BC30\u2122 \u0111\u00e3 \u0111\u01b0\u1ee3c b\u1ed5 sung v\u00e0o h\u01a1n 1.000 s\u1ea3n ph\u1ea9m h\u00e0ng \u0111\u1ea7u tr\u00ean to\u00e0n th\u1ebf gi\u1edbi, bao g\u1ed3m th\u1ef1c ph\u1ea9m, \u0111\u1ed3 u\u1ed1ng v\u00e0 th\u1ee9c \u0103n cho v\u1eadt nu\u00f4i.<\/p>\n        <\/div>\n    <\/div><div class=\"container\">\n   <h4 class=\"\" data-aos=\"fade-up\">\n       BC30\u2122:\n   <\/h4>\n   <div class=\"icon_cards_inner\"><div class=\"icon_card_item\" data-aos=\"fade-up\">\n         <figure>\n             <img decoding=\"async\" src=\"\/wp-content\/uploads\/2024\/04\/reach.svg\" alt=\"\">\n         <\/figure>\n         <h3>\n            \u0110\u00e3 \u0111\u01b0\u1ee3c khoa h\u1ecdc ch\u1ee9ng minh\n         <\/h3>\n         <p>\n             \u0110\u01b0\u1ee3c ch\u1ee9ng minh b\u1eb1ng h\u01a1n 45 b\u00e0i nghi\u00ean c\u1ee9u \u0111\u01b0\u1ee3c c\u00f4ng b\u1ed1, BC30\u2122 \u0111\u00e3 \u0111\u01b0\u1ee3c x\u00e1c nh\u1eadn v\u1ec1 t\u00ednh an to\u00e0n, \u0111\u1ed9 \u1ed5n \u0111\u1ecbnh v\u00e0 kh\u1ea3 n\u0103ng h\u1ed7 tr\u1ee3 s\u1ee9c kh\u1ecfe ti\u00eau h\u00f3a (v\u1edbi li\u1ec1u l\u01b0\u1ee3ng 1 t\u1ef7 v\u00e0 2 t\u1ef7 CFU l\u1ee3i khu\u1ea9n\/kh\u1ea9u ph\u1ea7n) v\u00e0 kh\u1ea3 n\u0103ng h\u1ea5p th\u1ee5 protein (v\u1edbi li\u1ec1u l\u01b0\u1ee3ng 1 t\u1ef7 v\u00e0 2 t\u1ef7 CFU l\u1ee3i khu\u1ea9n\/kh\u1ea9u ph\u1ea7n).\n         <\/p>\n     <\/div><div class=\"icon_card_item\" data-aos=\"fade-up\">\n         <figure>\n             <img decoding=\"async\" src=\"\/wp-content\/uploads\/2024\/04\/easy_to.svg\" alt=\"\">\n         <\/figure>\n         <h3>\n            D\u1ec5 \u1ee9ng d\u1ee5ng\n         <\/h3>\n         <p>\n             BC30\u2122 l\u00e0 l\u1ee3i khu\u1ea9n d\u1ea1ng b\u00e0o t\u1eed, c\u00f3 th\u1ec3 duy tr\u00ec kh\u1ea3 n\u0103ng s\u1ed1ng s\u00f3t cao trong h\u1ea7u h\u1ebft c\u00e1c qu\u00e1 tr\u00ecnh s\u1ea3n xu\u1ea5t v\u00e0 m\u00f4i tr\u01b0\u1eddng axit d\u1ea1 d\u00e0y, v\u00ec th\u1ebf m\u00e0 ph\u00f9 h\u1ee3p \u0111\u1ec3 \u1ee9ng d\u1ee5ng v\u00e0o c\u00e1c lo\u1ea1i th\u1ef1c ph\u1ea9m v\u00e0 \u0111\u1ed3 u\u1ed1ng h\u00e0ng ng\u00e0y.\n         <\/p>\n     <\/div><div class=\"icon_card_item\" data-aos=\"fade-up\">\n         <figure>\n             <img decoding=\"async\" src=\"\/wp-content\/uploads\/2024\/04\/award.svg\" alt=\"\">\n         <\/figure>\n         <h3>\n            Th\u01b0\u01a1ng hi\u1ec7u \u0111o\u1ea1t gi\u1ea3i th\u01b0\u1edfng\n         <\/h3>\n         <p>\n             BC30\u2122 l\u00e0 l\u1ee3i khu\u1ea9n c\u00f3 th\u01b0\u01a1ng hi\u1ec7u, \u0111\u1ea1t gi\u1ea3i th\u01b0\u1edfng, \u0111\u01b0\u1ee3c c\u1ea5p b\u1eb1ng s\u00e1ng ch\u1ebf v\u00e0 \u0111\u01b0\u1ee3c tin d\u00f9ng b\u1edfi h\u00e0ng tri\u1ec7u ng\u01b0\u1eddi tr\u00ean to\u00e0n c\u1ea7u b\u1edfi v\u00ec BC30\u2122 mang \u0111\u1ebfn nh\u1eefng l\u1ee3i \u00edch l\u1ee3i khu\u1ea9n an to\u00e0n m\u00e0 ng\u01b0\u1eddi ti\u00eau d\u00f9ng mong mu\u1ed1n.\n         <\/p>\n     <\/div><\/div>\n    <\/div><\/div><\/div><\/div><\/div><\/div><div class=\"vc_row-full-width vc_clearfix\"><\/div><div data-vc-full-width=\"true\" data-vc-full-width-temp=\"true\" data-vc-full-width-init=\"false\" data-vc-stretch-content=\"true\" class=\"vc_row wpb_row vc_row-fluid\"><div class=\"wpb_column vc_column_container vc_col-sm-12\"><div class=\"vc_column-inner\"><div class=\"wpb_wrapper\"><div style=\"padding-bottom:0px\" class=\"left contactus_\"><div class=\"container\">\n                <figure class=\"small-image\">\n                    <img decoding=\"async\" src=\"\/wp-content\/uploads\/2024\/12\/logos-bc-30-1.png\" alt=\"\">\n                <\/figure>\n                <div class=\"content\"><\/p>\n<h2>B\u00ean c\u1ea1nh \u0111\u00f3, BC30\u2122 c\u00f2n:<\/h2>\n<ul>\n<li>\u0110\u01b0\u1ee3c C\u1ee5c Qu\u1ea3n l\u00fd Th\u1ef1c ph\u1ea9m v\u00e0 D\u01b0\u1ee3c ph\u1ea9m Hoa K\u1ef3 (FDA) c\u00f4ng nh\u1eadn l\u00e0 An to\u00e0n tuy\u1ec7t \u0111\u1ed1i (GRAS), kh\u1eb3ng \u0111\u1ecbnh \u0111\u1ed9 an to\u00e0n cho ng\u01b0\u1eddi ti\u00eau d\u00f9ng<\/li>\n<\/ul>\n<ul>\n<li>\u0110\u00e3 \u0111\u01b0\u1ee3c ch\u1ee9ng nh\u1eadn ph\u00f9 h\u1ee3p v\u1edbi ti\u00eau chu\u1ea9n s\u1eed d\u1ee5ng t\u1ea1i th\u1ecb tr\u01b0\u1eddng ch\u00e2u \u00c2u v\u00e0 Trung Qu\u1ed1c.<\/li>\n<\/ul>\n<ul>\n<li>Thu\u1ea7n chay, kh\u00f4ng ch\u1ee9a gluten v\u00e0 nhi\u1ec1u m\u00e3 h\u00e0ng (SKU) ph\u00f9 h\u1ee3p \u0111\u1ec3 s\u1eed d\u1ee5ng trong s\u1ea3n xu\u1ea5t th\u1ef1c ph\u1ea9m h\u1eefu c\u01a1.<\/li>\n<\/ul>\n<ul>\n<li>\u0110\u01b0\u1ee3c ch\u1ee9ng nh\u1eadn Kosher v\u00e0 Halal<\/li>\n<\/ul>\n<p><\/div>\n            <\/div><\/div><\/div><\/div><\/div><\/div><div class=\"vc_row-full-width vc_clearfix\"><\/div><div data-vc-full-width=\"true\" data-vc-full-width-temp=\"true\" data-vc-full-width-init=\"false\" data-vc-stretch-content=\"true\" class=\"vc_row wpb_row vc_row-fluid\"><div class=\"wpb_column vc_column_container vc_col-sm-12\"><div class=\"vc_column-inner\"><div class=\"wpb_wrapper\"><div style=\"padding-bottom:0px\" class=\"right contactus_\"><div class=\"container\">\n                <figure class=\"none\">\n                    <img decoding=\"async\" src=\"\/wp-content\/uploads\/2024\/04\/ourblog.webp\" alt=\"\">\n                <\/figure>\n                <div class=\"content\"><\/p>\n<h2>C\u00e2u h\u1ecfi th\u01b0\u1eddng g\u1eb7p<\/h2>\n<p class=\"translation-block\">T\u00ecm hi\u1ec3u th\u00eam t\u1eeb c\u00e1c chuy\u00ean gia v\u1ec1 khoa h\u1ecdc \u0111\u1eb1ng sau BC30\u2122.<\/p>\n<p><a href=\"\/vn\/faq\/\">H\u00e3y xem C\u00e2u h\u1ecfi th\u01b0\u1eddng g\u1eb7p<\/a><\/div>\n            <\/div><\/div><\/div><\/div><\/div><\/div><div class=\"vc_row-full-width vc_clearfix\"><\/div><div data-vc-full-width=\"true\" data-vc-full-width-temp=\"true\" data-vc-full-width-init=\"false\" data-vc-stretch-content=\"true\" class=\"vc_row wpb_row vc_row-fluid\"><div class=\"wpb_column vc_column_container vc_col-sm-12\"><div class=\"vc_column-inner vc_custom_1736257830526\"><div class=\"wpb_wrapper\"><div style=\"padding-top:0px;padding-bottom:0px;background-color:#E5F4FB\" class=\"left contactus_\"><div class=\"container large_container\">\n                <figure class=\"none\">\n                    <img decoding=\"async\" src=\"\/wp-content\/uploads\/2025\/01\/girl-no-bg.png\" alt=\"\">\n                <\/figure>\n                <div class=\"content\"><\/p>\n<h2>Li\u00ean h\u1ec7 v\u1edbi ch\u00fang t\u00f4i<\/h2>\n<p>Li\u00ean h\u1ec7 v\u1edbi ch\u00fang t\u00f4i n\u1ebfu b\u1ea1n c\u1ea7n th\u00eam th\u00f4ng tin<\/p>\n<p><a href=\"https:\/\/www.kerry.com\/contact-us\" target=\"_blank\" rel=\"noopener\">Li\u00ean h\u1ec7 v\u1edbi ch\u00fang t\u00f4i<\/a><\/div>\n            <\/div><\/div><\/div><\/div><\/div><\/div><div class=\"vc_row-full-width vc_clearfix\"><\/div>\n<\/div>","protected":false},"excerpt":{"rendered":"BC30TM BC30\u2122 (Bacillus coagulans GBI-30, 6086\u00ae) is a probiotic ingredient that delivers beneficial bacteria, supporting digestive health and protein absorption. Explore BC30\u2122 The Safe, Natural, and Stable Probiotic Ingredient used in Foods and Beverages What is BC30\u2122 BC30\u2122 (Bacillus coagulans GBI 30, 6086\u00ae) is a natural probiotic ingredient used by product manufacturers to create a<a class=\"excerpt-read-more\" href=\"https:\/\/bc30probiotic.com\/vn\/\" title=\"ReadHome\">... Read more &raquo;<\/a>","protected":false},"author":1,"featured_media":0,"parent":0,"menu_order":0,"comment_status":"closed","ping_status":"closed","template":"","meta":{"footnotes":""},"class_list":["post-6","page","type-page","status-publish","hentry"],"yoast_head":"<!-- This site is optimized with the Yoast SEO plugin v27.0 - https:\/\/yoast.com\/product\/yoast-seo-wordpress\/ -->\n<title>Home | BC30 Probiotic<\/title>\n<meta name=\"robots\" content=\"index, follow, max-snippet:-1, max-image-preview:large, max-video-preview:-1\" \/>\n<link rel=\"canonical\" href=\"https:\/\/bc30probiotic.com\/vn\/\" \/>\n<meta property=\"og:locale\" content=\"vi_VN\" \/>\n<meta property=\"og:type\" content=\"article\" \/>\n<meta property=\"og:title\" content=\"Home | BC30 Probiotic\" \/>\n<meta property=\"og:url\" content=\"https:\/\/bc30probiotic.com\/vn\/\" \/>\n<meta property=\"og:site_name\" content=\"BC30 Probiotic\" \/>\n<meta property=\"article:modified_time\" content=\"2025-01-17T08:56:44+00:00\" \/>\n<meta name=\"twitter:card\" content=\"summary_large_image\" \/>\n<meta name=\"twitter:label1\" content=\"\u01af\u1edbc t\u00ednh th\u1eddi gian \u0111\u1ecdc\" \/>\n\t<meta name=\"twitter:data1\" content=\"2 ph\u00fat\" \/>\n<script type=\"application\/ld+json\" class=\"yoast-schema-graph\">{\"@context\":\"https:\/\/schema.org\",\"@graph\":[{\"@type\":\"WebPage\",\"@id\":\"https:\/\/bc30probiotic.com\/\",\"url\":\"https:\/\/bc30probiotic.com\/\",\"name\":\"Home | BC30 Probiotic\",\"isPartOf\":{\"@id\":\"https:\/\/bc30probiotic.com\/#website\"},\"datePublished\":\"2024-04-01T12:01:27+00:00\",\"dateModified\":\"2025-01-17T08:56:44+00:00\",\"breadcrumb\":{\"@id\":\"https:\/\/bc30probiotic.com\/#breadcrumb\"},\"inLanguage\":\"vi\",\"potentialAction\":[{\"@type\":\"ReadAction\",\"target\":[\"https:\/\/bc30probiotic.com\/\"]}]},{\"@type\":\"BreadcrumbList\",\"@id\":\"https:\/\/bc30probiotic.com\/#breadcrumb\",\"itemListElement\":[{\"@type\":\"ListItem\",\"position\":1,\"name\":\"Home\",\"item\":\"https:\/\/bc30probiotic.com\/\"},{\"@type\":\"ListItem\",\"position\":2,\"name\":\"Home\"}]},{\"@type\":\"WebSite\",\"@id\":\"https:\/\/bc30probiotic.com\/#website\",\"url\":\"https:\/\/bc30probiotic.com\/\",\"name\":\"BC30 Probiotic\",\"description\":\"\",\"potentialAction\":[{\"@type\":\"SearchAction\",\"target\":{\"@type\":\"EntryPoint\",\"urlTemplate\":\"https:\/\/bc30probiotic.com\/?s={search_term_string}\"},\"query-input\":{\"@type\":\"PropertyValueSpecification\",\"valueRequired\":true,\"valueName\":\"search_term_string\"}}],\"inLanguage\":\"vi\"}]}<\/script>\n<!-- \/ Yoast SEO plugin. -->","yoast_head_json":{"title":"Home | BC30 Probiotic","robots":{"index":"index","follow":"follow","max-snippet":"max-snippet:-1","max-image-preview":"max-image-preview:large","max-video-preview":"max-video-preview:-1"},"canonical":"https:\/\/bc30probiotic.com\/vn\/","og_locale":"vi_VN","og_type":"article","og_title":"Home | BC30 Probiotic","og_url":"https:\/\/bc30probiotic.com\/vn\/","og_site_name":"BC30 Probiotic","article_modified_time":"2025-01-17T08:56:44+00:00","twitter_card":"summary_large_image","twitter_misc":{"\u01af\u1edbc t\u00ednh th\u1eddi gian \u0111\u1ecdc":"2 ph\u00fat"},"schema":{"@context":"https:\/\/schema.org","@graph":[{"@type":"WebPage","@id":"https:\/\/bc30probiotic.com\/","url":"https:\/\/bc30probiotic.com\/","name":"Home | BC30 Probiotic","isPartOf":{"@id":"https:\/\/bc30probiotic.com\/#website"},"datePublished":"2024-04-01T12:01:27+00:00","dateModified":"2025-01-17T08:56:44+00:00","breadcrumb":{"@id":"https:\/\/bc30probiotic.com\/#breadcrumb"},"inLanguage":"vi","potentialAction":[{"@type":"ReadAction","target":["https:\/\/bc30probiotic.com\/"]}]},{"@type":"BreadcrumbList","@id":"https:\/\/bc30probiotic.com\/#breadcrumb","itemListElement":[{"@type":"ListItem","position":1,"name":"Home","item":"https:\/\/bc30probiotic.com\/"},{"@type":"ListItem","position":2,"name":"Home"}]},{"@type":"WebSite","@id":"https:\/\/bc30probiotic.com\/#website","url":"https:\/\/bc30probiotic.com\/","name":"BC30 Probiotic","description":"","potentialAction":[{"@type":"SearchAction","target":{"@type":"EntryPoint","urlTemplate":"https:\/\/bc30probiotic.com\/?s={search_term_string}"},"query-input":{"@type":"PropertyValueSpecification","valueRequired":true,"valueName":"search_term_string"}}],"inLanguage":"vi"}]}},"_links":{"self":[{"href":"https:\/\/bc30probiotic.com\/vn\/wp-json\/wp\/v2\/pages\/6","targetHints":{"allow":["GET"]}}],"collection":[{"href":"https:\/\/bc30probiotic.com\/vn\/wp-json\/wp\/v2\/pages"}],"about":[{"href":"https:\/\/bc30probiotic.com\/vn\/wp-json\/wp\/v2\/types\/page"}],"author":[{"embeddable":true,"href":"https:\/\/bc30probiotic.com\/vn\/wp-json\/wp\/v2\/users\/1"}],"replies":[{"embeddable":true,"href":"https:\/\/bc30probiotic.com\/vn\/wp-json\/wp\/v2\/comments?post=6"}],"version-history":[{"count":78,"href":"https:\/\/bc30probiotic.com\/vn\/wp-json\/wp\/v2\/pages\/6\/revisions"}],"predecessor-version":[{"id":366,"href":"https:\/\/bc30probiotic.com\/vn\/wp-json\/wp\/v2\/pages\/6\/revisions\/366"}],"wp:attachment":[{"href":"https:\/\/bc30probiotic.com\/vn\/wp-json\/wp\/v2\/media?parent=6"}],"curies":[{"name":"wp","href":"https:\/\/api.w.org\/{rel}","templated":true}]}}